{"id":994,"date":"2014-07-29T15:25:26","date_gmt":"2014-07-29T18:25:26","guid":{"rendered":"http:\/\/www.estadisticaciudad.gob.ar\/eyc\/?page_id=994"},"modified":"2025-09-09T13:12:54","modified_gmt":"2025-09-09T16:12:54","slug":"formulario-de-contacto","status":"publish","type":"page","link":"https:\/\/www.estadisticaciudad.gob.ar\/eyc\/formulario-de-contacto\/","title":{"rendered":"Formulario de Contacto\u200b"},"content":{"rendered":"\t\t<div data-elementor-type=\"wp-post\" data-elementor-id=\"994\" class=\"elementor elementor-994\" data-elementor-post-type=\"page\">\n\t\t\t\t\t\t<section class=\"elementor-section elementor-top-section elementor-element elementor-element-efd041b elementor-section-boxed elementor-section-height-default elementor-section-height-default\" data-id=\"efd041b\" data-element_type=\"section\" data-e-type=\"section\" data-settings=\"{&quot;background_background&quot;:&quot;classic&quot;}\">\n\t\t\t\t\t\t<div class=\"elementor-container elementor-column-gap-default\">\n\t\t\t\t\t<div class=\"elementor-column elementor-col-100 elementor-top-column elementor-element elementor-element-5fc8072\" data-id=\"5fc8072\" data-element_type=\"column\" data-e-type=\"column\">\n\t\t\t<div class=\"elementor-widget-wrap elementor-element-populated\">\n\t\t\t\t\t\t<div class=\"elementor-element elementor-element-5ce0584 elementor-widget__width-initial elementor-widget elementor-widget-heading\" data-id=\"5ce0584\" data-element_type=\"widget\" data-e-type=\"widget\" data-widget_type=\"heading.default\">\n\t\t\t\t<div class=\"elementor-widget-container\">\n\t\t\t\t\t<h1 class=\"elementor-heading-title elementor-size-default\">Formulario de contacto\u200b<\/h1>\t\t\t\t<\/div>\n\t\t\t\t<\/div>\n\t\t\t\t<section class=\"elementor-section elementor-inner-section elementor-element elementor-element-a8e56d5 display-flex elementor-section-boxed elementor-section-height-default elementor-section-height-default\" data-id=\"a8e56d5\" data-element_type=\"section\" data-e-type=\"section\">\n\t\t\t\t\t\t<div class=\"elementor-container elementor-column-gap-default\">\n\t\t\t\t\t<div class=\"elementor-column elementor-col-50 elementor-inner-column elementor-element elementor-element-7096c19\" data-id=\"7096c19\" data-element_type=\"column\" data-e-type=\"column\">\n\t\t\t<div class=\"elementor-widget-wrap elementor-element-populated\">\n\t\t\t\t\t\t<div class=\"elementor-element elementor-element-bad65d6 custom-enlace elementor-widget elementor-widget-text-editor\" data-id=\"bad65d6\" data-element_type=\"widget\" data-e-type=\"widget\" data-widget_type=\"text-editor.default\">\n\t\t\t\t<div class=\"elementor-widget-container\">\n\t\t\t\t\t\t\t\t\t<p><span style=\"color: #000000;\">Mediante este formulario podr\u00e1 realizar consultas al Centro de Documentaci\u00f3n y Atenci\u00f3n al Usuario, que le brindar\u00e1 una respuesta en el plazo de 48 hs. Tambi\u00e9n puede enviar un correo electr\u00f3nico a<\/span><strong>\u00a0<a href=\"mailto:cdocumentacion@estadisticaciudad.gob.ar\">cdocumentacion@estadisticaciudad.gob.ar<\/a><br \/><\/strong><span style=\"color: #000000;\">Para m\u00e1s informaci\u00f3n, comunicarse al (011) 4032-9145 y 9147, de lunes a viernes de 9 a 16 hs. o al <a href=\"https:\/\/wa.me\/+5491151469839\">WhatsApp<\/a><\/span><span style=\"color: #000000;\">\u00a0(s\u00f3lo mensajes).<\/span><\/p>\t\t\t\t\t\t\t\t<\/div>\n\t\t\t\t<\/div>\n\t\t\t\t\t<\/div>\n\t\t<\/div>\n\t\t\t\t<div class=\"elementor-column elementor-col-50 elementor-inner-column elementor-element elementor-element-e69de87 form-contact\" data-id=\"e69de87\" data-element_type=\"column\" data-e-type=\"column\">\n\t\t\t<div class=\"elementor-widget-wrap elementor-element-populated\">\n\t\t\t\t\t\t<div class=\"elementor-element elementor-element-ae9309d elementor-widget elementor-widget-shortcode\" data-id=\"ae9309d\" data-element_type=\"widget\" data-e-type=\"widget\" data-widget_type=\"shortcode.default\">\n\t\t\t\t<div class=\"elementor-widget-container\">\n\t\t\t\t\t\t\t<div class=\"elementor-shortcode\">\n<div class=\"wpcf7 no-js\" id=\"wpcf7-f53984-o1\" lang=\"es-ES\" dir=\"ltr\" data-wpcf7-id=\"53984\">\n<div class=\"screen-reader-response\"><p role=\"status\" aria-live=\"polite\" aria-atomic=\"true\"><\/p> <ul><\/ul><\/div>\n<form action=\"\/eyc\/wp-json\/wp\/v2\/pages\/994#wpcf7-f53984-o1\" method=\"post\" class=\"wpcf7-form init\" aria-label=\"Formulario de contacto\" novalidate=\"novalidate\" data-status=\"init\">\n<fieldset class=\"hidden-fields-container\"><input type=\"hidden\" name=\"_wpcf7\" value=\"53984\" \/><input type=\"hidden\" name=\"_wpcf7_version\" value=\"6.1.5\" \/><input type=\"hidden\" name=\"_wpcf7_locale\" value=\"es_ES\" \/><input type=\"hidden\" name=\"_wpcf7_unit_tag\" value=\"wpcf7-f53984-o1\" \/><input type=\"hidden\" name=\"_wpcf7_container_post\" value=\"0\" \/><input type=\"hidden\" name=\"_wpcf7_posted_data_hash\" value=\"\" \/><input type=\"hidden\" name=\"_wpcf7_recaptcha_response\" value=\"\" \/>\n<\/fieldset>\n<p><b>Nombre y apellido<\/b><br \/>\n<span class=\"wpcf7-form-control-wrap\" data-name=\"your-name\"><input size=\"40\" maxlength=\"400\" class=\"wpcf7-form-control wpcf7-text wpcf7-validates-as-required\" aria-required=\"true\" aria-invalid=\"false\" value=\"\" type=\"text\" name=\"your-name\" \/><\/span>\n<\/p>\n<p><b>Correo electr\u00f3nico<\/b><br \/>\n<span class=\"wpcf7-form-control-wrap\" data-name=\"your-email\"><input size=\"40\" maxlength=\"400\" class=\"wpcf7-form-control wpcf7-email wpcf7-validates-as-required wpcf7-text wpcf7-validates-as-email\" aria-required=\"true\" aria-invalid=\"false\" value=\"\" type=\"email\" name=\"your-email\" \/><\/span>\n<\/p>\n<p><b>Ocupaci\u00f3n<\/b><br \/>\n<span class=\"wpcf7-form-control-wrap\" data-name=\"menu-689\"><select class=\"wpcf7-form-control wpcf7-select wpcf7-validates-as-required\" aria-required=\"true\" aria-invalid=\"false\" name=\"menu-689\"><option value=\"Seleccione una opci\u00f3n\">Seleccione una opci\u00f3n<\/option><option value=\"Docente\">Docente<\/option><option value=\"Empleado\/a\">Empleado\/a<\/option><option value=\"Estudiante\">Estudiante<\/option><option value=\"Funcionario\/a\">Funcionario\/a<\/option><option value=\"Investigador\/a\">Investigador\/a<\/option><option value=\"Jubilado\/a\">Jubilado\/a<\/option><option value=\"Periodista\">Periodista<\/option><option value=\"Profesional\">Profesional<\/option><\/select><\/span>\n<\/p>\n<p><b>Motivo<\/b><br \/>\n<span class=\"wpcf7-form-control-wrap\" data-name=\"menu-650\"><select class=\"wpcf7-form-control wpcf7-select wpcf7-validates-as-required\" aria-required=\"true\" aria-invalid=\"false\" name=\"menu-650\"><option value=\"Seleccione una opci\u00f3n\">Seleccione una opci\u00f3n<\/option><option value=\"Estudio\">Estudio<\/option><option value=\"Investigaci\u00f3n\">Investigaci\u00f3n<\/option><option value=\"Nota period\u00edstica\">Nota period\u00edstica<\/option><option value=\"Trabajo privado\">Trabajo privado<\/option><option value=\"Otros\">Otros<\/option><\/select><\/span>\n<\/p>\n<p><b>Tema general de la consulta<\/b><br \/>\n<span class=\"wpcf7-form-control-wrap\" data-name=\"menu-690\"><select class=\"wpcf7-form-control wpcf7-select wpcf7-validates-as-required\" aria-required=\"true\" aria-invalid=\"false\" name=\"menu-690\"><option value=\"Seleccione una opci\u00f3n\">Seleccione una opci\u00f3n<\/option><option value=\"Comercio exterior\">Comercio exterior<\/option><option value=\"Comercio interior\">Comercio interior<\/option><option value=\"Condiciones de vida\">Condiciones de vida<\/option><option value=\"Construcci\u00f3n Y Edificaci\u00f3n\">Construcci\u00f3n Y Edificaci\u00f3n<\/option><option value=\"Cultura e Industrias Culturales\">Cultura e Industrias Culturales<\/option><option value=\"Educaci\u00f3n\">Educaci\u00f3n<\/option><option value=\"Esparcimiento\">Esparcimiento<\/option><option value=\"Familia y Hogares\">Familia y Hogares<\/option><option value=\"hoteles y Restaurantes\">hoteles y Restaurantes<\/option><option value=\"IPCBA\">IPCBA<\/option><option value=\"Industria\">Industria<\/option><option value=\"Ingresos P\u00fablicos\">Ingresos P\u00fablicos<\/option><option value=\"Interm. finan. y seguros\">Interm. finan. y seguros<\/option><option value=\"Medio ambiente\">Medio ambiente<\/option><option value=\"Mercado inmobiliario\">Mercado inmobiliario<\/option><option value=\"Ocupaci\u00f3n e Ingresos\">Ocupaci\u00f3n e Ingresos<\/option><option value=\"Participaci\u00f3n ciudadana\">Participaci\u00f3n ciudadana<\/option><option value=\"PGB\">PGB<\/option><option value=\"Poblaci\u00f3n\">Poblaci\u00f3n<\/option><option value=\"Promoci\u00f3n social\">Promoci\u00f3n social<\/option><option value=\"Salud\">Salud<\/option><option value=\"Sector P\u00fablico\">Sector P\u00fablico<\/option><option value=\"Seguridad P\u00fablica\">Seguridad P\u00fablica<\/option><option value=\"Seguridad social\">Seguridad social<\/option><option value=\"Servicios inform\u00e1ticos\">Servicios inform\u00e1ticos<\/option><option value=\"Servicios p\u00fablicos\">Servicios p\u00fablicos<\/option><option value=\"Tr\u00e1nsito y transporte\">Tr\u00e1nsito y transporte<\/option><option value=\"Turismo\">Turismo<\/option><\/select><\/span>\n<\/p>\n<p><b>Consulta<\/b><br \/>\n<span class=\"wpcf7-form-control-wrap\" data-name=\"textarea-847\"><textarea cols=\"40\" rows=\"10\" maxlength=\"2000\" class=\"wpcf7-form-control wpcf7-textarea wpcf7-validates-as-required\" aria-required=\"true\" aria-invalid=\"false\" name=\"textarea-847\"><\/textarea><\/span>\n<\/p>\n<div class=\"g-recaptcha\" data-sitekey=\"6LcbYqoUAAAAADJLKu92MTobFL9553YoszSx0FLn\">\n<\/div>\n<p><input class=\"wpcf7-form-control wpcf7-submit has-spinner\" type=\"submit\" value=\"Enviar\" \/>\n<\/p>\n<p><script src='https:\/\/www.google.com\/recaptcha\/api.js?hl=es'><\/script>\n<\/p><div class=\"wpcf7-response-output\" aria-hidden=\"true\"><\/div>\n<\/form>\n<\/div>\n<\/div>\n\t\t\t\t\t\t<\/div>\n\t\t\t\t<\/div>\n\t\t\t\t\t<\/div>\n\t\t<\/div>\n\t\t\t\t\t<\/div>\n\t\t<\/section>\n\t\t\t\t\t<\/div>\n\t\t<\/div>\n\t\t\t\t\t<\/div>\n\t\t<\/section>\n\t\t\t\t<\/div>\n\t\t","protected":false},"excerpt":{"rendered":"<p>Formulario de contacto\u200b Mediante este formulario podr\u00e1 realizar consultas al Centro de Documentaci\u00f3n y Atenci\u00f3n al Usuario, que le brindar\u00e1 una respuesta en el&#46;&#46;&#46;<\/p>\n","protected":false},"author":22,"featured_media":0,"parent":0,"menu_order":0,"comment_status":"closed","ping_status":"closed","template":"elementor_header_footer","meta":{"_acf_changed":false,"inline_featured_image":false,"ep_exclude_from_search":false,"footnotes":""},"class_list":["post-994","page","type-page","status-publish","hentry"],"acf":[],"_links":{"self":[{"href":"https:\/\/www.estadisticaciudad.gob.ar\/eyc\/wp-json\/wp\/v2\/pages\/994","targetHints":{"allow":["GET"]}}],"collection":[{"href":"https:\/\/www.estadisticaciudad.gob.ar\/eyc\/wp-json\/wp\/v2\/pages"}],"about":[{"href":"https:\/\/www.estadisticaciudad.gob.ar\/eyc\/wp-json\/wp\/v2\/types\/page"}],"author":[{"embeddable":true,"href":"https:\/\/www.estadisticaciudad.gob.ar\/eyc\/wp-json\/wp\/v2\/users\/22"}],"replies":[{"embeddable":true,"href":"https:\/\/www.estadisticaciudad.gob.ar\/eyc\/wp-json\/wp\/v2\/comments?post=994"}],"version-history":[{"count":183,"href":"https:\/\/www.estadisticaciudad.gob.ar\/eyc\/wp-json\/wp\/v2\/pages\/994\/revisions"}],"predecessor-version":[{"id":186213,"href":"https:\/\/www.estadisticaciudad.gob.ar\/eyc\/wp-json\/wp\/v2\/pages\/994\/revisions\/186213"}],"wp:attachment":[{"href":"https:\/\/www.estadisticaciudad.gob.ar\/eyc\/wp-json\/wp\/v2\/media?parent=994"}],"curies":[{"name":"wp","href":"https:\/\/api.w.org\/{rel}","templated":true}]}}