{"id":813,"date":"2014-07-25T19:47:00","date_gmt":"2014-07-25T19:47:00","guid":{"rendered":"http:\/\/www.estadisticaciudad.gob.ar\/eyc\/?page_id=813"},"modified":"2024-09-18T13:01:03","modified_gmt":"2024-09-18T16:01:03","slug":"definiciones","status":"publish","type":"page","link":"https:\/\/www.estadisticaciudad.gob.ar\/eyc\/definiciones\/","title":{"rendered":"Definiciones"},"content":{"rendered":"\t\t<div data-elementor-type=\"wp-post\" data-elementor-id=\"813\" class=\"elementor elementor-813\" data-elementor-post-type=\"page\">\n\t\t\t\t\t\t<section class=\"elementor-section elementor-top-section elementor-element elementor-element-64e8cad elementor-section-boxed elementor-section-height-default elementor-section-height-default\" data-id=\"64e8cad\" data-element_type=\"section\" data-e-type=\"section\">\n\t\t\t\t\t\t<div class=\"elementor-container elementor-column-gap-default\">\n\t\t\t\t\t<div class=\"elementor-column elementor-col-100 elementor-top-column elementor-element elementor-element-e87abc9\" data-id=\"e87abc9\" data-element_type=\"column\" data-e-type=\"column\">\n\t\t\t<div class=\"elementor-widget-wrap elementor-element-populated\">\n\t\t\t\t\t\t<div class=\"elementor-element elementor-element-efb940c elementor-widget elementor-widget-heading\" data-id=\"efb940c\" data-element_type=\"widget\" data-e-type=\"widget\" data-widget_type=\"heading.default\">\n\t\t\t\t<div class=\"elementor-widget-container\">\n\t\t\t\t\t<h1 class=\"elementor-heading-title elementor-size-default\">Definiciones<\/h1>\t\t\t\t<\/div>\n\t\t\t\t<\/div>\n\t\t\t\t<div class=\"elementor-element elementor-element-0437700 elementor-widget-divider--view-line elementor-widget elementor-widget-divider\" data-id=\"0437700\" data-element_type=\"widget\" data-e-type=\"widget\" data-widget_type=\"divider.default\">\n\t\t\t\t<div class=\"elementor-widget-container\">\n\t\t\t\t\t\t\t<div class=\"elementor-divider\">\n\t\t\t<span class=\"elementor-divider-separator\">\n\t\t\t\t\t\t<\/span>\n\t\t<\/div>\n\t\t\t\t\t\t<\/div>\n\t\t\t\t<\/div>\n\t\t\t\t\t<\/div>\n\t\t<\/div>\n\t\t\t\t\t<\/div>\n\t\t<\/section>\n\t\t\t\t<section class=\"elementor-section elementor-top-section elementor-element elementor-element-e7f5138 elementor-section-boxed elementor-section-height-default elementor-section-height-default\" data-id=\"e7f5138\" data-element_type=\"section\" data-e-type=\"section\">\n\t\t\t\t\t\t<div class=\"elementor-container elementor-column-gap-default\">\n\t\t\t\t\t<div class=\"elementor-column elementor-col-100 elementor-top-column elementor-element elementor-element-aa8d86d\" data-id=\"aa8d86d\" data-element_type=\"column\" data-e-type=\"column\">\n\t\t\t<div class=\"elementor-widget-wrap elementor-element-populated\">\n\t\t\t\t\t\t<div class=\"elementor-element elementor-element-341fb6f elementor-widget elementor-widget-heading\" data-id=\"341fb6f\" data-element_type=\"widget\" data-e-type=\"widget\" data-widget_type=\"heading.default\">\n\t\t\t\t<div class=\"elementor-widget-container\">\n\t\t\t\t\t<h2 class=\"elementor-heading-title elementor-size-default\">Asentamientos<\/h2>\t\t\t\t<\/div>\n\t\t\t\t<\/div>\n\t\t\t\t<div class=\"elementor-element elementor-element-df7cb48 elementor-widget elementor-widget-text-editor\" data-id=\"df7cb48\" data-element_type=\"widget\" data-e-type=\"widget\" data-widget_type=\"text-editor.default\">\n\t\t\t\t<div class=\"elementor-widget-container\">\n\t\t\t\t\t\t\t\t\t<p>Grupos de personas asentadas irregularmente sobre predios estatales o privados que no pueden ser urbanizados, ni destinados a un uso residencial. Se localizan, en su mayor\u00eda, debajo de un puente, a la vera de las v\u00edas del ferrocarril, en una plaza p\u00fablica, en un predio bald\u00edo, en terrenos inundables, etc. Las construcciones son muy precarias y no cuentan con servicios urbanos. Las condiciones habitacionales son, de hecho, de absoluta transitoriedad.<\/p>\t\t\t\t\t\t\t\t<\/div>\n\t\t\t\t<\/div>\n\t\t\t\t<div class=\"elementor-element elementor-element-db49526 elementor-widget elementor-widget-heading\" data-id=\"db49526\" data-element_type=\"widget\" data-e-type=\"widget\" data-widget_type=\"heading.default\">\n\t\t\t\t<div class=\"elementor-widget-container\">\n\t\t\t\t\t<h2 class=\"elementor-heading-title elementor-size-default\">Barrios<\/h2>\t\t\t\t<\/div>\n\t\t\t\t<\/div>\n\t\t\t\t<div class=\"elementor-element elementor-element-8aadd31 elementor-widget elementor-widget-text-editor\" data-id=\"8aadd31\" data-element_type=\"widget\" data-e-type=\"widget\" data-widget_type=\"text-editor.default\">\n\t\t\t\t<div class=\"elementor-widget-container\">\n\t\t\t\t\t\t\t\t\t<p>Identificados con la historia e idiosincrasia de cada poblaci\u00f3n particular, los barrios imprimen marcas de pertenencia en los<br \/>porte\u00f1os. Con posterioridad a la organizaci\u00f3n por parroquias, la Ciudad se organiz\u00f3 en barrios en virtud de reformas administrativas impulsadas por el gobierno de Rivadavia. La Ordenanza N\u00ba 23.607, del a\u00f1o 1972, establece los l\u00edmites divisorios de los cuarenta y siete barrios porte\u00f1os. En el a\u00f1o 1996, la Ordenanza N\u00ba 51.163 incorpora a Puerto Madero y en 2006 la Ley N\u00ba 1.907 agrega a Parque Chas,como nuevos barrios de la Ciudad.<\/p>\t\t\t\t\t\t\t\t<\/div>\n\t\t\t\t<\/div>\n\t\t\t\t<div class=\"elementor-element elementor-element-2757eae elementor-widget elementor-widget-heading\" data-id=\"2757eae\" data-element_type=\"widget\" data-e-type=\"widget\" data-widget_type=\"heading.default\">\n\t\t\t\t<div class=\"elementor-widget-container\">\n\t\t\t\t\t<h2 class=\"elementor-heading-title elementor-size-default\">Barrios Municipales<\/h2>\t\t\t\t<\/div>\n\t\t\t\t<\/div>\n\t\t\t\t<div class=\"elementor-element elementor-element-5ed627e elementor-widget elementor-widget-text-editor\" data-id=\"5ed627e\" data-element_type=\"widget\" data-e-type=\"widget\" data-widget_type=\"text-editor.default\">\n\t\t\t\t<div class=\"elementor-widget-container\">\n\t\t\t\t\t\t\t\t\t<p>Barrio de viviendas multifamiliares, en su gran mayor\u00eda de varios pisos edificados por el Estado con el sistema de construcci\u00f3n<br \/>tradicional y teniendo el objetivo de brindar una soluci\u00f3n habitacional definitiva a los hogares adjudicatarios. La falta de escrituraci\u00f3n y otros problemas hacen que, en algunos casos, no se puedan conformar los consorcios, lo que obliga al gobierno municipal a cumplir las funciones de los mismos.<\/p>\t\t\t\t\t\t\t\t<\/div>\n\t\t\t\t<\/div>\n\t\t\t\t<div class=\"elementor-element elementor-element-b6bb499 elementor-widget elementor-widget-heading\" data-id=\"b6bb499\" data-element_type=\"widget\" data-e-type=\"widget\" data-widget_type=\"heading.default\">\n\t\t\t\t<div class=\"elementor-widget-container\">\n\t\t\t\t\t<h2 class=\"elementor-heading-title elementor-size-default\">Comunas<\/h2>\t\t\t\t<\/div>\n\t\t\t\t<\/div>\n\t\t\t\t<div class=\"elementor-element elementor-element-71b81b3 elementor-widget elementor-widget-text-editor\" data-id=\"71b81b3\" data-element_type=\"widget\" data-e-type=\"widget\" data-widget_type=\"text-editor.default\">\n\t\t\t\t<div class=\"elementor-widget-container\">\n\t\t\t\t\t\t\t\t\t<p>En el a\u00f1o 2005 se sancion\u00f3 la Ley de Comunas que divide a la Ciudad de Buenos Aires en quince comunas (Ley N\u00b0 1.777, sancionada el 1\u00b0 de septiembre de 2005). Dicha ley establece que \u201cla descentralizaci\u00f3n de la ciudad se realiza a trav\u00e9s de Comunas bajo el agrupamiento de barrios, conforme el n\u00famero y delimitaci\u00f3n establecidos en el Anexo\u201d. Las comunas son unidades de gesti\u00f3n pol\u00edtica y administrativa con competencia territorial.<\/p>\t\t\t\t\t\t\t\t<\/div>\n\t\t\t\t<\/div>\n\t\t\t\t<div class=\"elementor-element elementor-element-6041c74 elementor-widget elementor-widget-heading\" data-id=\"6041c74\" data-element_type=\"widget\" data-e-type=\"widget\" data-widget_type=\"heading.default\">\n\t\t\t\t<div class=\"elementor-widget-container\">\n\t\t\t\t\t<h2 class=\"elementor-heading-title elementor-size-default\">N\u00facleos Habitaciones Transitorios (NHT)<\/h2>\t\t\t\t<\/div>\n\t\t\t\t<\/div>\n\t\t\t\t<div class=\"elementor-element elementor-element-84453d2 elementor-widget elementor-widget-text-editor\" data-id=\"84453d2\" data-element_type=\"widget\" data-e-type=\"widget\" data-widget_type=\"text-editor.default\">\n\t\t\t\t<div class=\"elementor-widget-container\">\n\t\t\t\t\t\t\t\t\t<p>Conjunto de viviendas multifamiliares que surgen para dar una soluci\u00f3n habitacional transitoria a los habitantes de las villas,<br \/>mientras se edifican los departamentos o casas definitivas que se adjudicaran en propiedad. Si bien surgieron para dar respuestas transitorias, algunos terminaron siendo emplazamientos definitivos, de condiciones muy precarias para los hogares que residen en ellos.<\/p>\t\t\t\t\t\t\t\t<\/div>\n\t\t\t\t<\/div>\n\t\t\t\t<div class=\"elementor-element elementor-element-26cde18 elementor-widget elementor-widget-heading\" data-id=\"26cde18\" data-element_type=\"widget\" data-e-type=\"widget\" data-widget_type=\"heading.default\">\n\t\t\t\t<div class=\"elementor-widget-container\">\n\t\t\t\t\t<h2 class=\"elementor-heading-title elementor-size-default\">Villas<\/h2>\t\t\t\t<\/div>\n\t\t\t\t<\/div>\n\t\t\t\t<div class=\"elementor-element elementor-element-1044096 elementor-widget elementor-widget-text-editor\" data-id=\"1044096\" data-element_type=\"widget\" data-e-type=\"widget\" data-widget_type=\"text-editor.default\">\n\t\t\t\t<div class=\"elementor-widget-container\">\n\t\t\t\t\t\t\t\t\t<p>Asentamiento poblacional no planificado, de trazado irregular, surgido de la ocupaci\u00f3n ilegal de terrenos fiscales, cuyas viviendas originalmente de materiales de desecho son mejoradas a lo largo del tiempo por sus habitantes y van incorporando servicios p\u00fablicos y equipamiento comunitario por la acci\u00f3n del Estado, y\/o de instituciones de la sociedad civil. Las villas de la CABA se encuentran, en su mayor\u00eda, en proyecto de urbanizaci\u00f3n e incorporaci\u00f3n a la trama urbana y poseen saneamiento b\u00e1sico (provisi\u00f3n de agua potable, disposici\u00f3n de excretas y de residuos), sin las condiciones y calidad del servicio del resto de la ciudad.<\/p>\t\t\t\t\t\t\t\t<\/div>\n\t\t\t\t<\/div>\n\t\t\t\t\t<\/div>\n\t\t<\/div>\n\t\t\t\t\t<\/div>\n\t\t<\/section>\n\t\t\t\t<\/div>\n\t\t","protected":false},"excerpt":{"rendered":"<p>Definiciones Asentamientos Grupos de personas asentadas irregularmente sobre predios estatales o privados que no pueden ser urbanizados, ni destinados a un uso residencial. Se&#46;&#46;&#46;<\/p>\n","protected":false},"author":22,"featured_media":0,"parent":0,"menu_order":0,"comment_status":"closed","ping_status":"open","template":"","meta":{"_acf_changed":false,"inline_featured_image":false,"ep_exclude_from_search":false,"footnotes":""},"class_list":["post-813","page","type-page","status-publish","hentry"],"acf":[],"_links":{"self":[{"href":"https:\/\/www.estadisticaciudad.gob.ar\/eyc\/wp-json\/wp\/v2\/pages\/813","targetHints":{"allow":["GET"]}}],"collection":[{"href":"https:\/\/www.estadisticaciudad.gob.ar\/eyc\/wp-json\/wp\/v2\/pages"}],"about":[{"href":"https:\/\/www.estadisticaciudad.gob.ar\/eyc\/wp-json\/wp\/v2\/types\/page"}],"author":[{"embeddable":true,"href":"https:\/\/www.estadisticaciudad.gob.ar\/eyc\/wp-json\/wp\/v2\/users\/22"}],"replies":[{"embeddable":true,"href":"https:\/\/www.estadisticaciudad.gob.ar\/eyc\/wp-json\/wp\/v2\/comments?post=813"}],"version-history":[{"count":10,"href":"https:\/\/www.estadisticaciudad.gob.ar\/eyc\/wp-json\/wp\/v2\/pages\/813\/revisions"}],"predecessor-version":[{"id":160276,"href":"https:\/\/www.estadisticaciudad.gob.ar\/eyc\/wp-json\/wp\/v2\/pages\/813\/revisions\/160276"}],"wp:attachment":[{"href":"https:\/\/www.estadisticaciudad.gob.ar\/eyc\/wp-json\/wp\/v2\/media?parent=813"}],"curies":[{"name":"wp","href":"https:\/\/api.w.org\/{rel}","templated":true}]}}