{"id":77387,"date":"2018-02-21T11:41:24","date_gmt":"2018-02-21T14:41:24","guid":{"rendered":"http:\/\/www.estadisticaciudad.gob.ar\/eyc\/?page_id=77387"},"modified":"2025-09-01T13:38:56","modified_gmt":"2025-09-01T16:38:56","slug":"acerca-de-sigba","status":"publish","type":"page","link":"https:\/\/www.estadisticaciudad.gob.ar\/eyc\/acerca-de-sigba\/","title":{"rendered":"Acerca de SIGBA"},"content":{"rendered":"\t\t<div data-elementor-type=\"wp-post\" data-elementor-id=\"77387\" class=\"elementor elementor-77387\" data-elementor-post-type=\"page\">\n\t\t\t\t\t\t<section class=\"elementor-section elementor-top-section elementor-element elementor-element-fe2a29d elementor-section-boxed elementor-section-height-default elementor-section-height-default\" data-id=\"fe2a29d\" data-element_type=\"section\" data-e-type=\"section\" data-settings=\"{&quot;background_background&quot;:&quot;classic&quot;}\">\n\t\t\t\t\t\t<div class=\"elementor-container elementor-column-gap-default\">\n\t\t\t\t\t<div class=\"elementor-column elementor-col-100 elementor-top-column elementor-element elementor-element-a69cb28\" data-id=\"a69cb28\" data-element_type=\"column\" data-e-type=\"column\">\n\t\t\t<div class=\"elementor-widget-wrap elementor-element-populated\">\n\t\t\t\t\t\t<section class=\"elementor-section elementor-inner-section elementor-element elementor-element-88d307a elementor-section-content-middle elementor-section-boxed elementor-section-height-default elementor-section-height-default\" data-id=\"88d307a\" data-element_type=\"section\" data-e-type=\"section\">\n\t\t\t\t\t\t<div class=\"elementor-container elementor-column-gap-default\">\n\t\t\t\t\t<div class=\"elementor-column elementor-col-50 elementor-inner-column elementor-element elementor-element-e90b9f8\" data-id=\"e90b9f8\" data-element_type=\"column\" data-e-type=\"column\">\n\t\t\t<div class=\"elementor-widget-wrap elementor-element-populated\">\n\t\t\t\t\t\t<div class=\"elementor-element elementor-element-7b90a83 elementor-widget__width-auto elementor-position-top elementor-widget elementor-widget-image-box\" data-id=\"7b90a83\" data-element_type=\"widget\" data-e-type=\"widget\" data-widget_type=\"image-box.default\">\n\t\t\t\t<div class=\"elementor-widget-container\">\n\t\t\t\t\t<div class=\"elementor-image-box-wrapper\"><figure class=\"elementor-image-box-img\"><img decoding=\"async\" width=\"107\" height=\"107\" src=\"https:\/\/www.estadisticaciudad.gob.ar\/eyc\/wp-content\/uploads\/2025\/05\/Capa_2-1-1.png\" class=\"attachment-full size-full wp-image-170158\" alt=\"\" \/><\/figure><\/div>\t\t\t\t<\/div>\n\t\t\t\t<\/div>\n\t\t\t\t\t<\/div>\n\t\t<\/div>\n\t\t\t\t<div class=\"elementor-column elementor-col-50 elementor-inner-column elementor-element elementor-element-ff612cd\" data-id=\"ff612cd\" data-element_type=\"column\" data-e-type=\"column\">\n\t\t\t<div class=\"elementor-widget-wrap elementor-element-populated\">\n\t\t\t\t\t\t<div class=\"elementor-element elementor-element-69af1bd elementor-widget__width-initial elementor-widget elementor-widget-heading\" data-id=\"69af1bd\" data-element_type=\"widget\" data-e-type=\"widget\" data-widget_type=\"heading.default\">\n\t\t\t\t<div class=\"elementor-widget-container\">\n\t\t\t\t\t<h1 class=\"elementor-heading-title elementor-size-default\">Sistema de Indicadores de G\u00e9nero BA<\/h1>\t\t\t\t<\/div>\n\t\t\t\t<\/div>\n\t\t\t\t\t<\/div>\n\t\t<\/div>\n\t\t\t\t\t<\/div>\n\t\t<\/section>\n\t\t\t\t<div class=\"elementor-element elementor-element-36ddcf4 elementor-widget elementor-widget-text-editor\" data-id=\"36ddcf4\" data-element_type=\"widget\" data-e-type=\"widget\" data-widget_type=\"text-editor.default\">\n\t\t\t\t<div class=\"elementor-widget-container\">\n\t\t\t\t\t\t\t\t\t<p>El Gobierno de la Ciudad de Buenos aires pone a disposici\u00f3n un conjunto de variables que describen las relaciones de g\u00e9nero en la Ciudad de forma simple y accesible.<\/p>\t\t\t\t\t\t\t\t<\/div>\n\t\t\t\t<\/div>\n\t\t\t\t<section class=\"elementor-section elementor-inner-section elementor-element elementor-element-d133671 elementor-section-boxed elementor-section-height-default elementor-section-height-default\" data-id=\"d133671\" data-element_type=\"section\" data-e-type=\"section\">\n\t\t\t\t\t\t<div class=\"elementor-container elementor-column-gap-default\">\n\t\t\t\t\t<div class=\"elementor-column elementor-col-100 elementor-inner-column elementor-element elementor-element-2e393f9\" data-id=\"2e393f9\" data-element_type=\"column\" data-e-type=\"column\">\n\t\t\t<div class=\"elementor-widget-wrap elementor-element-populated\">\n\t\t\t\t\t\t<div class=\"elementor-element elementor-element-afb378a elementor-widget elementor-widget-heading\" data-id=\"afb378a\" data-element_type=\"widget\" data-e-type=\"widget\" data-widget_type=\"heading.default\">\n\t\t\t\t<div class=\"elementor-widget-container\">\n\t\t\t\t\t<h3 class=\"elementor-heading-title elementor-size-default\">Acerca del Sistema<\/h3>\t\t\t\t<\/div>\n\t\t\t\t<\/div>\n\t\t\t\t<div class=\"elementor-element elementor-element-b5b8646 elementor-widget elementor-widget-text-editor\" data-id=\"b5b8646\" data-element_type=\"widget\" data-e-type=\"widget\" data-widget_type=\"text-editor.default\">\n\t\t\t\t<div class=\"elementor-widget-container\">\n\t\t\t\t\t\t\t\t\t<p>El Sistema de Indicadores de G\u00e9nero surge en 2017 a partir del trabajo conjunto entre el Instituto de Estad\u00edstica y Censos de la Ciudad Aut\u00f3noma de Buenos Aires (IDECBA), la Direcci\u00f3n de la Mujer y la Secretar\u00eda General.<\/p><p>Busca poner en valor y visibilizar la extensa trayectoria en la producci\u00f3n de informaci\u00f3n estad\u00edstica de la Ciudad as\u00ed como proveer de informaci\u00f3n rigurosa para la toma de decisiones. En el siguiente documento se presenta el marco te\u00f3rico que dio sustento a la organizaci\u00f3n del sistema, el cual incluye la participaci\u00f3n de diferentes especialistas que acompa\u00f1aron su construcci\u00f3n.<\/p>\t\t\t\t\t\t\t\t<\/div>\n\t\t\t\t<\/div>\n\t\t\t\t<div class=\"elementor-element elementor-element-895d3ae elementor-align-justify elementor-widget__width-initial elementor-widget-mobile__width-inherit elementor-widget elementor-widget-button\" data-id=\"895d3ae\" data-element_type=\"widget\" data-e-type=\"widget\" data-widget_type=\"button.default\">\n\t\t\t\t<div class=\"elementor-widget-container\">\n\t\t\t\t\t\t\t\t\t<div class=\"elementor-button-wrapper\">\n\t\t\t\t\t<a class=\"elementor-button elementor-button-link elementor-size-sm\" href=\"https:\/\/www.estadisticaciudad.gob.ar\/eyc\/wp-content\/uploads\/2018\/05\/marco_referencia_SIGBA.pdf\" target=\"_blank\">\n\t\t\t\t\t\t<span class=\"elementor-button-content-wrapper\">\n\t\t\t\t\t\t\t\t\t<span class=\"elementor-button-text\">Ver marco de referencia<\/span>\n\t\t\t\t\t<\/span>\n\t\t\t\t\t<\/a>\n\t\t\t\t<\/div>\n\t\t\t\t\t\t\t\t<\/div>\n\t\t\t\t<\/div>\n\t\t\t\t<div class=\"elementor-element elementor-element-982d990 elementor-widget elementor-widget-heading\" data-id=\"982d990\" data-element_type=\"widget\" data-e-type=\"widget\" data-widget_type=\"heading.default\">\n\t\t\t\t<div class=\"elementor-widget-container\">\n\t\t\t\t\t<h5 class=\"elementor-heading-title elementor-size-default\">\u00bfDe d\u00f3nde proviene la informaci\u00f3n publicada?<\/h5>\t\t\t\t<\/div>\n\t\t\t\t<\/div>\n\t\t\t\t<div class=\"elementor-element elementor-element-cfa113c elementor-widget elementor-widget-text-editor\" data-id=\"cfa113c\" data-element_type=\"widget\" data-e-type=\"widget\" data-widget_type=\"text-editor.default\">\n\t\t\t\t<div class=\"elementor-widget-container\">\n\t\t\t\t\t\t\t\t\t<p>El sistema se nutre de informaci\u00f3n estad\u00edstica generada por la el Instituto de Estad\u00edstica y Censos de la Ciudad Aut\u00f3noma de Buenos Aires (IDECBA), de registros provenientes de programas de Gobierno y de fuentes externas a la Ciudad.<\/p>\t\t\t\t\t\t\t\t<\/div>\n\t\t\t\t<\/div>\n\t\t\t\t<div class=\"elementor-element elementor-element-12027e8 elementor-widget elementor-widget-heading\" data-id=\"12027e8\" data-element_type=\"widget\" data-e-type=\"widget\" data-widget_type=\"heading.default\">\n\t\t\t\t<div class=\"elementor-widget-container\">\n\t\t\t\t\t<h5 class=\"elementor-heading-title elementor-size-default\">\u00bfCon qu\u00e9 periodicidad se actualizan los datos?<\/h5>\t\t\t\t<\/div>\n\t\t\t\t<\/div>\n\t\t\t\t<div class=\"elementor-element elementor-element-4b944d2 elementor-widget elementor-widget-text-editor\" data-id=\"4b944d2\" data-element_type=\"widget\" data-e-type=\"widget\" data-widget_type=\"text-editor.default\">\n\t\t\t\t<div class=\"elementor-widget-container\">\n\t\t\t\t\t\t\t\t\t<p>Los datos son actualizados anualmente, a la vez que se incorporan nuevos indicadores.<\/p>\t\t\t\t\t\t\t\t<\/div>\n\t\t\t\t<\/div>\n\t\t\t\t<div class=\"elementor-element elementor-element-6360d87 elementor-widget elementor-widget-heading\" data-id=\"6360d87\" data-element_type=\"widget\" data-e-type=\"widget\" data-widget_type=\"heading.default\">\n\t\t\t\t<div class=\"elementor-widget-container\">\n\t\t\t\t\t<h5 class=\"elementor-heading-title elementor-size-default\">\u00bfC\u00f3mo contribuye el Sistema de Indicadores Demogr\u00e1fico a la Agenda 2030 de Desarrollo Sostenible?<\/h5>\t\t\t\t<\/div>\n\t\t\t\t<\/div>\n\t\t\t\t<div class=\"elementor-element elementor-element-8fe75d4 elementor-widget elementor-widget-text-editor\" data-id=\"8fe75d4\" data-element_type=\"widget\" data-e-type=\"widget\" data-widget_type=\"text-editor.default\">\n\t\t\t\t<div class=\"elementor-widget-container\">\n\t\t\t\t\t\t\t\t\t<p>El sistema contribuye con el Objetivo de Desarrollo Sostenible 5: \u201cIgualdad de g\u00e9nero\u201d y permite monitorear la Agenda 2030 a partir de la informaci\u00f3n disponibilizada por sexo.<\/p>\t\t\t\t\t\t\t\t<\/div>\n\t\t\t\t<\/div>\n\t\t\t\t\t<\/div>\n\t\t<\/div>\n\t\t\t\t\t<\/div>\n\t\t<\/section>\n\t\t\t\t<section class=\"elementor-section elementor-inner-section elementor-element elementor-element-53ed157 elementor-section-full_width btn-portales elementor-section-height-default elementor-section-height-default\" data-id=\"53ed157\" data-element_type=\"section\" data-e-type=\"section\">\n\t\t\t\t\t\t<div class=\"elementor-container elementor-column-gap-default\">\n\t\t\t\t\t<div class=\"elementor-column elementor-col-100 elementor-inner-column elementor-element elementor-element-903fb69\" data-id=\"903fb69\" data-element_type=\"column\" data-e-type=\"column\">\n\t\t\t<div class=\"elementor-widget-wrap elementor-element-populated\">\n\t\t\t\t\t\t<div class=\"elementor-element elementor-element-8b89889 elementor-widget__width-auto elementor-widget-tablet_extra__width-auto elementor-widget elementor-widget-image\" data-id=\"8b89889\" data-element_type=\"widget\" data-e-type=\"widget\" data-widget_type=\"image.default\">\n\t\t\t\t<div class=\"elementor-widget-container\">\n\t\t\t\t\t\t\t\t\t\t\t\t\t\t\t<img fetchpriority=\"high\" decoding=\"async\" width=\"612\" height=\"116\" src=\"https:\/\/www.estadisticaciudad.gob.ar\/eyc\/wp-content\/uploads\/2018\/02\/botones-06.png\" class=\"attachment-full size-full wp-image-77462\" alt=\"\" srcset=\"https:\/\/www.estadisticaciudad.gob.ar\/eyc\/wp-content\/uploads\/2018\/02\/botones-06.png 612w, https:\/\/www.estadisticaciudad.gob.ar\/eyc\/wp-content\/uploads\/2018\/02\/botones-06-150x28.png 150w\" sizes=\"(max-width: 612px) 100vw, 612px\" \/>\t\t\t\t\t\t\t\t\t\t\t\t\t\t\t<\/div>\n\t\t\t\t<\/div>\n\t\t\t\t\t<\/div>\n\t\t<\/div>\n\t\t\t\t\t<\/div>\n\t\t<\/section>\n\t\t\t\t<section class=\"elementor-section elementor-inner-section elementor-element elementor-element-4fe064a elementor-section-full_width btn-portales elementor-section-height-default elementor-section-height-default\" data-id=\"4fe064a\" data-element_type=\"section\" data-e-type=\"section\">\n\t\t\t\t\t\t<div class=\"elementor-container elementor-column-gap-default\">\n\t\t\t\t\t<div class=\"elementor-column elementor-col-100 elementor-inner-column elementor-element elementor-element-94a258a\" data-id=\"94a258a\" data-element_type=\"column\" data-e-type=\"column\">\n\t\t\t<div class=\"elementor-widget-wrap elementor-element-populated\">\n\t\t\t\t\t\t<div class=\"elementor-element elementor-element-c330f83 elementor-align-justify elementor-widget__width-initial elementor-widget-mobile__width-inherit elementor-widget elementor-widget-button\" data-id=\"c330f83\" data-element_type=\"widget\" data-e-type=\"widget\" data-widget_type=\"button.default\">\n\t\t\t\t<div class=\"elementor-widget-container\">\n\t\t\t\t\t\t\t\t\t<div class=\"elementor-button-wrapper\">\n\t\t\t\t\t<a class=\"elementor-button elementor-button-link elementor-size-sm\" href=\"https:\/\/www.estadisticaciudad.gob.ar\/si\/genero\/principal\" target=\"_blank\">\n\t\t\t\t\t\t<span class=\"elementor-button-content-wrapper\">\n\t\t\t\t\t\t\t\t\t<span class=\"elementor-button-text\">Ver los datos<\/span>\n\t\t\t\t\t<\/span>\n\t\t\t\t\t<\/a>\n\t\t\t\t<\/div>\n\t\t\t\t\t\t\t\t<\/div>\n\t\t\t\t<\/div>\n\t\t\t\t<div class=\"elementor-element elementor-element-fe39b15 elementor-align-justify elementor-widget__width-initial elementor-widget-mobile__width-inherit elementor-widget elementor-widget-button\" data-id=\"fe39b15\" data-element_type=\"widget\" data-e-type=\"widget\" data-widget_type=\"button.default\">\n\t\t\t\t<div class=\"elementor-widget-container\">\n\t\t\t\t\t\t\t\t\t<div class=\"elementor-button-wrapper\">\n\t\t\t\t\t<a class=\"elementor-button elementor-button-link elementor-size-sm\" href=\"https:\/\/www.estadisticaciudad.gob.ar\/eyc\/sistema-de-indicadores-de-genero\/\">\n\t\t\t\t\t\t<span class=\"elementor-button-content-wrapper\">\n\t\t\t\t\t\t\t\t\t<span class=\"elementor-button-text\">Volver<\/span>\n\t\t\t\t\t<\/span>\n\t\t\t\t\t<\/a>\n\t\t\t\t<\/div>\n\t\t\t\t\t\t\t\t<\/div>\n\t\t\t\t<\/div>\n\t\t\t\t\t<\/div>\n\t\t<\/div>\n\t\t\t\t\t<\/div>\n\t\t<\/section>\n\t\t\t\t\t<\/div>\n\t\t<\/div>\n\t\t\t\t\t<\/div>\n\t\t<\/section>\n\t\t\t\t<\/div>\n\t\t","protected":false},"excerpt":{"rendered":"<p>Sistema de Indicadores de G\u00e9nero BA El Gobierno de la Ciudad de Buenos aires pone a disposici\u00f3n un conjunto de variables que describen las&#46;&#46;&#46;<\/p>\n","protected":false},"author":14,"featured_media":0,"parent":0,"menu_order":0,"comment_status":"open","ping_status":"open","template":"","meta":{"_acf_changed":false,"inline_featured_image":false,"ep_exclude_from_search":false,"footnotes":""},"class_list":["post-77387","page","type-page","status-publish","hentry"],"acf":[],"_links":{"self":[{"href":"https:\/\/www.estadisticaciudad.gob.ar\/eyc\/wp-json\/wp\/v2\/pages\/77387","targetHints":{"allow":["GET"]}}],"collection":[{"href":"https:\/\/www.estadisticaciudad.gob.ar\/eyc\/wp-json\/wp\/v2\/pages"}],"about":[{"href":"https:\/\/www.estadisticaciudad.gob.ar\/eyc\/wp-json\/wp\/v2\/types\/page"}],"author":[{"embeddable":true,"href":"https:\/\/www.estadisticaciudad.gob.ar\/eyc\/wp-json\/wp\/v2\/users\/14"}],"replies":[{"embeddable":true,"href":"https:\/\/www.estadisticaciudad.gob.ar\/eyc\/wp-json\/wp\/v2\/comments?post=77387"}],"version-history":[{"count":49,"href":"https:\/\/www.estadisticaciudad.gob.ar\/eyc\/wp-json\/wp\/v2\/pages\/77387\/revisions"}],"predecessor-version":[{"id":184978,"href":"https:\/\/www.estadisticaciudad.gob.ar\/eyc\/wp-json\/wp\/v2\/pages\/77387\/revisions\/184978"}],"wp:attachment":[{"href":"https:\/\/www.estadisticaciudad.gob.ar\/eyc\/wp-json\/wp\/v2\/media?parent=77387"}],"curies":[{"name":"wp","href":"https:\/\/api.w.org\/{rel}","templated":true}]}}