{"id":51025,"date":"2016-03-02T16:32:14","date_gmt":"2016-03-02T19:32:14","guid":{"rendered":"http:\/\/www.estadisticaciudad.gob.ar\/eyc\/?page_id=51025"},"modified":"2020-06-02T11:34:53","modified_gmt":"2020-06-02T14:34:53","slug":"dia-de-la-mujer-2016","status":"publish","type":"page","link":"https:\/\/www.estadisticaciudad.gob.ar\/eyc\/dia-de-la-mujer-2016\/","title":{"rendered":"D\u00eda Internacional de la Mujer 2016"},"content":{"rendered":"[layerslider id=\u00bb79&#8243;]\n[spacing size=\u00bb10px\u00bb]\n<p>Por noveno a\u00f1o consecutivo, la Direcci\u00f3n General de Estad\u00edstica y Censos (DGEyC) presenta una s\u00edntesis de indicadores desagregados por sexo, para contribuir al an\u00e1lisis de los cambios producidos en la situaci\u00f3n y rol de las mujeres y de los hombres de la Ciudad de Buenos Aires, en distintos momentos del tiempo.<\/p>\n<p>Como cada a\u00f1o, se han incorporado nuevos indicadores de g\u00e9nero a los que la DGEyC publica, con regularidad, cada 8 de marzo. Todos los indicadores que se presentan tienen el prop\u00f3sito de mostrar y cuantificar desigualdades, estimar las contribuciones que mujeres y hombres realizan en determinados campos espec\u00edficos, y brindar elementos para la toma de decisiones y monitoreo de avances, retrocesos o estancamientos en materia de pol\u00edticas p\u00fablicas.<\/p>\n<p>Los datos incluyen, adem\u00e1s de indicadores demogr\u00e1ficos, otros referidos a las condiciones de vida, a la inserci\u00f3n en el mercado laboral y los ingresos, a la posici\u00f3n en el hogar, el acceso a la salud y a la educaci\u00f3n.<\/p>\n<p>Como datos destacados se presentan un conjunto de indicadores sobre igualdad de remuneraci\u00f3n de la mano de obra masculina y femenina \u00b9 que evidencian la existencia de diferencias.<\/p>\n<p>Tanto \u00e9stos como otros indicadores de g\u00e9nero son producidos por esta Direcci\u00f3n General y pueden consultarse en la p\u00e1gina <em>web<\/em> del Gobierno de la Ciudad\u00a0<a href=\"http:\/\/www.estadisticaciudad.gob.ar\/eyc\">www.estadisticaciudad.gob.ar\/eyc<\/a>\u00a0o ser solicitados en el Centro de Documentaci\u00f3n de la Direcci\u00f3n General de Estad\u00edstica y Censos\u00a0<a href=\"mailto:cdocumentacion@www.estadisticaciudad.gob.ar\/eyc\">cdocumentacion@www.estadisticaciudad.gob.ar\/eyc<\/a><\/p>\n<p><span style=\"text-decoration: underline\">\u00a0\u00a0\u00a0\u00a0\u00a0\u00a0\u00a0\u00a0\u00a0\u00a0\u00a0\u00a0\u00a0\u00a0\u00a0\u00a0\u00a0\u00a0\u00a0\u00a0\u00a0\u00a0\u00a0\u00a0\u00a0\u00a0\u00a0\u00a0\u00a0\u00a0\u00a0\u00a0\u00a0\u00a0\u00a0\u00a0\u00a0\u00a0\u00a0\u00a0\u00a0\u00a0\u00a0\u00a0\u00a0\u00a0\u00a0\u00a0\u00a0\u00a0\u00a0\u00a0\u00a0\u00a0\u00a0\u00a0\u00a0\u00a0\u00a0\u00a0\u00a0\u00a0\u00a0\u00a0\u00a0\u00a0\u00a0\u00a0\u00a0\u00a0\u00a0\u00a0\u00a0\u00a0\u00a0\u00a0\u00a0\u00a0\u00a0\u00a0\u00a0\u00a0\u00a0\u00a0\u00a0\u00a0\u00a0\u00a0\u00a0\u00a0\u00a0\u00a0\u00a0\u00a0\u00a0\u00a0\u00a0\u00a0\u00a0\u00a0\u00a0\u00a0\u00a0\u00a0\u00a0\u00a0\u00a0\u00a0\u00a0\u00a0\u00a0\u00a0\u00a0\u00a0\u00a0\u00a0\u00a0\u00a0\u00a0\u00a0\u00a0\u00a0\u00a0\u00a0\u00a0\u00a0\u00a0 <\/span><br \/>\n<span style=\"font-size: 10px\">\u00b9Primer instrumento internacional sobre la cuesti\u00f3n (OIT, Ginebra, 6 de junio de 1951).<\/span><\/p>\n<h2 class=\"titulo\"><span style=\"color: #993366\"><strong>\u00cdndice <\/strong><\/span><\/h2>\n<h3><span style=\"color: #993366\">Poblaci\u00f3n<\/span><\/h3>\n<p><strong>Gr\u00e1fico 1 <\/strong><br \/>\n<a href=\"http:\/\/www.estadisticaciudad.gob.ar\/eyc\/?page_id=51071\">Estructura de la poblaci\u00f3n por sexo y grupo de edad. Ciudad de Buenos Aires. A\u00f1o 2015<\/a><\/p>\n<p><span style=\"color: #000000\"><strong>Gr\u00e1fico 2<\/strong><\/span><br \/>\n<a href=\"http:\/\/www.estadisticaciudad.gob.ar\/eyc\/?page_id=51134\">\u00cdndice de femineidad (mujeres por cada 100 varones). Ciudad de Buenos Aires. A\u00f1os 1855 &#8211; 2015<\/a><\/p>\n<p><span style=\"color: #000000\"><strong>Gr\u00e1fico 3<\/strong><\/span><br \/>\n<a href=\"http:\/\/www.estadisticaciudad.gob.ar\/eyc\/?page_id=51137\">Tasa global de fecundidad (n\u00famero de hijos por mujer). Ciudad de Buenos Aires. A\u00f1os 1990 &#8211; 2014<\/a><\/p>\n<p><span style=\"color: #000000\"><strong>Gr\u00e1fico 4<\/strong><\/span><br \/>\n<a href=\"http:\/\/www.estadisticaciudad.gob.ar\/eyc\/?page_id=51141\">\u00cdndice de femineidad (mujeres por cada 100 varones) de la poblaci\u00f3n migrante internacional. Ciudad de Buenos\u00a0 Aires. A\u00f1os 1980 &#8211; 2010<\/a><\/p>\n<p><span style=\"color: #000000\"><strong>Gr\u00e1fico 5<\/strong><\/span><br \/>\n<a href=\"http:\/\/www.estadisticaciudad.gob.ar\/eyc\/?page_id=51144\">Edad promedio de las mujeres al momento de inmigrar por origen seg\u00fan per\u00edodo desde que reside en forma continua en la Ciudad. Ciudad de Buenos\u00a0 Aires. A\u00f1o 2014<\/a><\/p>\n<p><span style=\"color: #000000\"><strong>Cuadro 1<\/strong><\/span><br \/>\n<a href=\"http:\/\/www.estadisticaciudad.gob.ar\/eyc\/?page_id=51256\">Tasa de mortalidad por sexo (por cada 1.000 habitantes). Ciudad de Buenos Aires. A\u00f1os 2001\/2014<\/a><\/p>\n<p><span style=\"color: #000000\"><strong>Gr\u00e1fico 6 <\/strong><\/span><br \/>\n<a href=\"http:\/\/www.estadisticaciudad.gob.ar\/eyc\/?page_id=51176\">Edad promedio al morir por sexo y comuna. Ciudad de Buenos Aires. A\u00f1o 2014<\/a><\/p>\n<p><span style=\"color: #000000\"><strong>Cuadro 2 <\/strong><\/span><br \/>\n<a href=\"http:\/\/www.estadisticaciudad.gob.ar\/eyc\/?page_id=51270\">Poblaci\u00f3n de 65 a\u00f1os y m\u00e1s en viviendas particulares y distribuci\u00f3n porcentual por condici\u00f3n de percepci\u00f3n de jubilaci\u00f3n y\/o pensi\u00f3n seg\u00fan sexo y grupo de edad. Ciudad de Buenos Aires. A\u00f1o 2010<\/a><\/p>\n<p><strong>Cuadro 3 <\/strong><br \/>\n<a href=\"http:\/\/www.estadisticaciudad.gob.ar\/eyc\/?page_id=51272\">Distribuci\u00f3n porcentual j\u00f3venes de 15 a 29 a\u00f1os que no estudian ni trabajan por presencia de menores de hasta 13 a\u00f1os en el hogar seg\u00fan sexo. Ciudad de Buenos Aires A\u00f1os 2011 y 2012<\/a><\/p>\n<h3><span style=\"color: #000000\"><strong><a id=\"grafico2\" style=\"color: #000000\" name=\"hogares\"><\/a><span style=\"color: #993366\">Hogares<\/span><\/strong><\/span><\/h3>\n<p><strong>Gr\u00e1fico 7 <\/strong><br \/>\n<a href=\"http:\/\/www.estadisticaciudad.gob.ar\/eyc\/?page_id=51179\">Porcentaje de jefas mujeres sobre el total de jefes de hogar. Ciudad de Buenos Aires. A\u00f1os 2004-2014<\/a><\/p>\n<p><span style=\"color: #000000\"><strong>Gr\u00e1fico 8 <\/strong><\/span><br \/>\n<a href=\"http:\/\/www.estadisticaciudad.gob.ar\/eyc\/?page_id=51182\">Distribuci\u00f3n porcentual de los hogares por sexo del jefe seg\u00fan tipo de hogar. Ciudad de Buenos Aires. A\u00f1o 2014<\/a><\/p>\n<p><span style=\"color: #000000\"><strong>Cuadro 4 <\/strong><\/span><br \/>\n<a href=\"http:\/\/www.estadisticaciudad.gob.ar\/eyc\/?page_id=51274\">Distribuci\u00f3n porcentual de los hogares por r\u00e9gimen de tenencia de la vivienda seg\u00fan sexo del jefe de hogar. Ciudad de Buenos Aires. A\u00f1o 2014<\/a><\/p>\n<h3><span style=\"color: #993366\">Condiciones de vida<\/span><\/h3>\n<p><strong>Cuadro 5 <\/strong><br \/>\n<a href=\"http:\/\/www.estadisticaciudad.gob.ar\/eyc\/?page_id=51276\">Porcentaje de hogares con insuficiencia de ingresos para acceder a las canastas de consumo de la Ciudad de Buenos Aires por sexo del jefe de hogar. A\u00f1o 2014<\/a><\/p>\n<p><strong>Gr\u00e1fico 9<\/strong><br \/>\n<a href=\"http:\/\/www.estadisticaciudad.gob.ar\/eyc\/?page_id=51185\">Distribuci\u00f3n porcentual de hogares por sexo del jefe de hogar seg\u00fan acceso a las canastas de consumo de la Ciudad de Buenos Aires. A\u00f1o 2014<\/a><\/p>\n<p><strong>Cuadro 6 <\/strong><br \/>\n<a href=\"http:\/\/www.estadisticaciudad.gob.ar\/eyc\/?page_id=51278\">Brecha de pobreza, deuda de ingresos, intensidad de la insuficiencia de ingresos y severidad de la insuficiencia de ingresos<br \/>\n(Indices FGT) por sexo del jefe de hogar. Ciudad de Buenos Aires. A\u00f1os 2012\/2014<\/a><\/p>\n<h3><strong><a id=\"Saludyeeducacion\" style=\"color: #000000\" name=\"Saludyeeducacion\"><\/a><span style=\"color: #993366\">Salud y educaci\u00f3n<\/span> <\/strong><\/h3>\n<p><span style=\"color: #000000\"><strong>Cuadro 7<\/strong><\/span><br \/>\n<a href=\"http:\/\/www.estadisticaciudad.gob.ar\/eyc\/?page_id=51280\">Distribuci\u00f3n porcentual de la poblaci\u00f3n por tipo de cobertura m\u00e9dica seg\u00fan sexo. Ciudad de Buenos Aires.\u00a0A\u00f1o 2014<\/a><\/p>\n<p><span style=\"color: #993366\"><strong><span style=\"color: #000000\">Gr\u00e1fico 10<\/span> <\/strong><\/span><br \/>\n<a href=\"http:\/\/www.estadisticaciudad.gob.ar\/eyc\/?page_id=51188\">Porcentaje de mujeres en edad f\u00e9rtil sin cobertura de salud por grupo de edad. Total del pa\u00eds y Ciudad de Buenos Aires. A\u00f1o 2010<\/a><\/p>\n<p><strong>Gr\u00e1fico 11 <\/strong><br \/>\n<a href=\"http:\/\/www.estadisticaciudad.gob.ar\/eyc\/?page_id=51191\">Distribuci\u00f3n porcentual de los casos notificados de SIDA por sexo. Ciudad de Buenos Aires. A\u00f1o 2014<\/a><\/p>\n<p><strong>Gr\u00e1fico 12 <\/strong><br \/>\n<a href=\"http:\/\/www.estadisticaciudad.gob.ar\/eyc\/?page_id=51194\">Distribuci\u00f3n porcentual de los casos diagnosticados de VIH-SIDA por sexo. Ciudad de Buenos Aires. A\u00f1o 2014<\/a><\/p>\n<p><strong>Cuadro 8<\/strong><br \/>\n<a href=\"http:\/\/www.estadisticaciudad.gob.ar\/eyc\/?page_id=51282\">Prevalencias de nivel bajo de actividad f\u00edsica, consumo de tabaco fumadores, consumo de alcohol de riesgo y obesidad por sexo. Ciudad de Buenos Aires. A\u00f1o 2013<\/a><\/p>\n<p><strong>Gr\u00e1fico 13<\/strong><br \/>\n<a href=\"http:\/\/www.estadisticaciudad.gob.ar\/eyc\/?page_id=51197\">Matr\u00edcula por sexo y nivel de ense\u00f1anza. Ciudad de Buenos Aires. A\u00f1o 2014<\/a><\/p>\n<p><strong>Gr\u00e1fico 14<\/strong><br \/>\n<a href=\"http:\/\/www.estadisticaciudad.gob.ar\/eyc\/?page_id=51201\">Tasa neta de escolarizaci\u00f3n de la poblaci\u00f3n de 6 a 24 a\u00f1os por nivel de ense\u00f1anza y sexo. Ciudad de Buenos Aires. A\u00f1o 2014<\/a><\/p>\n<p><strong>Gr\u00e1fico 15<\/strong><br \/>\n<a href=\"http:\/\/www.estadisticaciudad.gob.ar\/eyc\/?page_id=51204\">Poblaci\u00f3n analfabeta de 10 a\u00f1os y m\u00e1s por sexo. Ciudad de Buenos Aires. A\u00f1os 1970 &#8211; 1980 &#8211; 1991 &#8211; 2001 &#8211; 2010<\/a><\/p>\n<p><strong>Gr\u00e1fico 16<\/strong><br \/>\n<a href=\"http:\/\/www.estadisticaciudad.gob.ar\/eyc\/?page_id=51207\">Tasa de analfabetismo de la poblaci\u00f3n de 10 a\u00f1os y m\u00e1s por sexo y comuna. Ciudad de Buenos Aires. A\u00f1o 2010<\/a><\/p>\n<p><strong>Gr\u00e1fico 17<\/strong><br \/>\n<a href=\"http:\/\/www.estadisticaciudad.gob.ar\/eyc\/?page_id=51210\">Distribuci\u00f3n porcentual de la poblaci\u00f3n de 20 a\u00f1os y m\u00e1s que complet\u00f3 el nivel universitario por sexo seg\u00fan grupo de edad. Ciudad de Buenos Aires. A\u00f1o 2010<\/a><\/p>\n<p><strong>Gr\u00e1fico 18<\/strong><br \/>\n<a href=\"http:\/\/www.estadisticaciudad.gob.ar\/eyc\/?page_id=51213\">Promedio de a\u00f1os de escolarizaci\u00f3n de la poblaci\u00f3n de 25 a\u00f1os y m\u00e1s por sexo. Ciudad de Buenos Aires. A\u00f1os 2002\/2014<\/a><\/p>\n<p><strong>Gr\u00e1fico 19<\/strong><br \/>\n<a href=\"http:\/\/www.estadisticaciudad.gob.ar\/eyc\/?page_id=51216\">Distribuci\u00f3n porcentual de estudiantes y egresados de carreras de pregrado y grado de instituciones universitarias de gesti\u00f3n estatal y privada por sexo. Ciudad de Buenos Aires. A\u00f1o 2012<\/a><\/p>\n<h3><span style=\"color: #993366\">Ocupaci\u00f3n e ingresos<\/span><\/h3>\n<p><strong>Cuadro 9<\/strong><br \/>\n<a href=\"http:\/\/www.estadisticaciudad.gob.ar\/eyc\/?page_id=51284\">Tasas de actividad, empleo y desocupaci\u00f3n por sexo. Ciudad de Buenos Aires. 3\u00ba trimestre 2015<\/a><\/p>\n<p><strong>Gr\u00e1fico 20<\/strong><br \/>\n<a href=\"http:\/\/www.estadisticaciudad.gob.ar\/eyc\/?page_id=51226\">Distribuci\u00f3n porcentual de la poblaci\u00f3n ocupada por calificaci\u00f3n ocupacional seg\u00fan sexo. Ciudad de Buenos Aires. A\u00f1o 2014<\/a><\/p>\n<p><strong>Cuadro 10<\/strong><br \/>\n<a href=\"http:\/\/www.estadisticaciudad.gob.ar\/eyc\/?page_id=51286\">Distribuci\u00f3n porcentual de la poblaci\u00f3n de 10 a\u00f1os y m\u00e1s ocupada por m\u00e1ximo nivel de instrucci\u00f3n alcanzado seg\u00fan sexo. Ciudad de Buenos Aires. 3er. trimestre 2015<\/a><\/p>\n<p><strong>Gr\u00e1fico 21<\/strong><br \/>\n<a href=\"http:\/\/www.estadisticaciudad.gob.ar\/eyc\/?page_id=51229\">Distribuci\u00f3n porcentual de la poblaci\u00f3n desocupada por sexo. Ciudad de Buenos Aires. 3\u00ba trimestre 2015<\/a><\/p>\n<p><strong>Cuadro 11<\/strong><br \/>\n<a href=\"http:\/\/www.estadisticaciudad.gob.ar\/eyc\/?page_id=51288\">Tasas de entrada, salida, rotaci\u00f3n, reemplazo, creaci\u00f3n neta y destrucci\u00f3n neta del empleo privado formal por sexo. Ciudad de Buenos Aires. Promedio a\u00f1o 2014<\/a><\/p>\n<p><strong>Gr\u00e1fico 22<\/strong><br \/>\n<a href=\"http:\/\/www.estadisticaciudad.gob.ar\/eyc\/?page_id=51232\">Distribuci\u00f3n porcentual de la dotaci\u00f3n del empleo privado formal por modalidad contractual seg\u00fan sexo. Ciudad de Buenos Aires. Promedio A\u00f1o 2014<\/a><\/p>\n<p><strong>Cuadro 12<\/strong><br \/>\n<a href=\"http:\/\/www.estadisticaciudad.gob.ar\/eyc\/?page_id=51290\">Distribuci\u00f3n porcentual de la dotaci\u00f3n del empleo privado formal por jerarquia ocupacional seg\u00fan sexo. Ciudad de Buenos Aires. A\u00f1o 2014<\/a><\/p>\n<p><strong>Gr\u00e1fico 23<\/strong><br \/>\n<a href=\"http:\/\/www.estadisticaciudad.gob.ar\/eyc\/?page_id=51235\">Distribuci\u00f3n porcentual de altas del empleo privado formal por modalidad contractual seg\u00fan sexo. Ciudad de Buenos Aires. Promedio a\u00f1o 2014<\/a><\/p>\n<p><strong>Gr\u00e1fico 24<\/strong><br \/>\n<a href=\"http:\/\/www.estadisticaciudad.gob.ar\/eyc\/?page_id=51238\">Distribuci\u00f3n porcentual de altas del empleo privado formal por calificaci\u00f3n ocupacional seg\u00fan sexo. Ciudad de Buenos Aires. Promedio a\u00f1o 2014<\/a><\/p>\n<p><strong>Cuadro 13<\/strong><br \/>\n<a href=\"http:\/\/www.estadisticaciudad.gob.ar\/eyc\/?page_id=51292\">Puestos de trabajo en la Ciudad de Buenos Aires, distribuci\u00f3n porcentual por sexo seg\u00fan lugar de residencia y puestos de trabajo ocupados por porte\u00f1os en los Partidos del GBA. 2do trimestre 2015<\/a><\/p>\n<p><strong>Cuadro 14<\/strong><br \/>\n<a href=\"http:\/\/www.estadisticaciudad.gob.ar\/eyc\/?page_id=51294\">Mediana del ingreso de la ocupaci\u00f3n principal (pesos a valores corrientes) y promedio de horas trabajadas en la semana de referencia en esa ocupaci\u00f3n seg\u00fan sexo. Ciudad de Buenos Aires. 3er. trimestre 2015<\/a><\/p>\n<p><strong>Cuadro 15 <\/strong><br \/>\n<a href=\"http:\/\/www.estadisticaciudad.gob.ar\/eyc\/?page_id=51296\">Promedio de ingreso total individual ($) por grupo de edad y sexo. Ciudad de Buenos Aires. A\u00f1o 2014<\/a><\/p>\n<p><strong>Cuadro 16<\/strong><br \/>\n<a href=\"http:\/\/www.estadisticaciudad.gob.ar\/eyc\/?page_id=51298\">Promedio de ingreso ($)\u00a0 por grupo de edad seg\u00fan fuente de ingreso y sexo. Ciudad de Buenos Aires. A\u00f1o 2014<\/a><\/p>\n<table style=\"height: 99px\" border=\"0\" width=\"511\">\n<tbody>\n<tr>\n<td width=\"57\"><span style=\"color: #000000\"><strong><img decoding=\"async\" src=\"http:\/\/www.estadisticaciudad.gob.ar\/eyc\/publicaciones\/dia_mujer_2015\/mujer.gif\" alt=\"\" width=\"46\" height=\"65\" \/><\/strong><\/span><\/td>\n<td width=\"594\">\n<h1><span style=\"color: #993366\"><strong>Datos destacados 2016 <\/strong><\/span><\/h1>\n<\/td>\n<td width=\"57\"><span style=\"color: #993366\"><a style=\"color: #993366\" href=\"http:\/\/www.estadisticaciudad.gob.ar\/eyc\/?page_id=51045\">(ver)<\/a><\/span><\/td>\n<\/tr>\n<\/tbody>\n<\/table>\n<h3 class=\"col c2\"><strong><span style=\"color: #993366\"><br \/>\nViolencia Familiar<\/span><\/strong><\/h3>\n<p><strong>Gr\u00e1fico 25\u00a0<\/strong><br \/>\n<a href=\"http:\/\/www.estadisticaciudad.gob.ar\/eyc\/?page_id=51243\">Distribuci\u00f3n porcentual de mujeres v\u00edctimas de violencia familiar asistidas en los Centros Integrales de la Mujer por grupo de edad (a\u00f1os). Ciudad de Buenos Aires. A\u00f1o 2015<\/a><\/p>\n<p><strong>Gr\u00e1fico 26<\/strong><br \/>\n<a href=\"http:\/\/www.estadisticaciudad.gob.ar\/eyc\/?page_id=51261\">Distribuci\u00f3n porcentual de mujeres v\u00edctimas de violencia familiar asistidas en los Centros Integrales de la Mujer por m\u00e1ximo nivel de instrucci\u00f3n alcanzado. Ciudad de Buenos Aires. A\u00f1o 2015<\/a><\/p>\n<h3 class=\"col c2\"><span style=\"color: #993366\"><strong><a style=\"color: #993366\" href=\"http:\/\/www.estadisticaciudad.gob.ar\/eyc\/?page_id=51549\">Otros indicadores<\/a><\/strong><\/span><\/h3>\n<h3><span style=\"color: #993366\"><strong><a style=\"color: #993366\" href=\"http:\/\/www.estadisticaciudad.gob.ar\/eyc\/wp-content\/uploads\/2016\/03\/Glosario.pdf\" target=\"_blank\" rel=\"noopener noreferrer\">Glosario<\/a><\/strong><\/span><\/h3>\n","protected":false},"excerpt":{"rendered":"<p>[layerslider id=\u00bb79&#8243;] [spacing size=\u00bb10px\u00bb] Por noveno a\u00f1o consecutivo, la Direcci\u00f3n General de Estad\u00edstica y Censos (DGEyC) presenta una s\u00edntesis de indicadores desagregados por sexo,&#46;&#46;&#46;<\/p>\n","protected":false},"author":11,"featured_media":0,"parent":0,"menu_order":0,"comment_status":"open","ping_status":"open","template":"page-templates\/template-full-width.php","meta":{"_acf_changed":false,"inline_featured_image":false,"ep_exclude_from_search":false,"footnotes":""},"class_list":["post-51025","page","type-page","status-publish","hentry"],"acf":[],"_links":{"self":[{"href":"https:\/\/www.estadisticaciudad.gob.ar\/eyc\/wp-json\/wp\/v2\/pages\/51025","targetHints":{"allow":["GET"]}}],"collection":[{"href":"https:\/\/www.estadisticaciudad.gob.ar\/eyc\/wp-json\/wp\/v2\/pages"}],"about":[{"href":"https:\/\/www.estadisticaciudad.gob.ar\/eyc\/wp-json\/wp\/v2\/types\/page"}],"author":[{"embeddable":true,"href":"https:\/\/www.estadisticaciudad.gob.ar\/eyc\/wp-json\/wp\/v2\/users\/11"}],"replies":[{"embeddable":true,"href":"https:\/\/www.estadisticaciudad.gob.ar\/eyc\/wp-json\/wp\/v2\/comments?post=51025"}],"version-history":[{"count":103,"href":"https:\/\/www.estadisticaciudad.gob.ar\/eyc\/wp-json\/wp\/v2\/pages\/51025\/revisions"}],"predecessor-version":[{"id":109561,"href":"https:\/\/www.estadisticaciudad.gob.ar\/eyc\/wp-json\/wp\/v2\/pages\/51025\/revisions\/109561"}],"wp:attachment":[{"href":"https:\/\/www.estadisticaciudad.gob.ar\/eyc\/wp-json\/wp\/v2\/media?parent=51025"}],"curies":[{"name":"wp","href":"https:\/\/api.w.org\/{rel}","templated":true}]}}