{"id":477,"date":"2014-07-15T18:04:42","date_gmt":"2014-07-15T18:04:42","guid":{"rendered":"http:\/\/www.estadisticaciudad.gob.ar\/eyc\/?page_id=477"},"modified":"2026-04-15T14:43:36","modified_gmt":"2026-04-15T17:43:36","slug":"centro-de-documentacion","status":"publish","type":"page","link":"https:\/\/www.estadisticaciudad.gob.ar\/eyc\/centro-de-documentacion\/","title":{"rendered":"Centro de Documentaci\u00f3n y Atenci\u00f3n al Usuario"},"content":{"rendered":"\t\t<div data-elementor-type=\"wp-post\" data-elementor-id=\"477\" class=\"elementor elementor-477\" data-elementor-post-type=\"page\">\n\t\t\t\t\t\t<section class=\"elementor-section elementor-top-section elementor-element elementor-element-e4405ed documentacion elementor-section-boxed elementor-section-height-default elementor-section-height-default\" data-id=\"e4405ed\" data-element_type=\"section\" data-e-type=\"section\" data-settings=\"{&quot;background_background&quot;:&quot;classic&quot;}\">\n\t\t\t\t\t\t<div class=\"elementor-container elementor-column-gap-default\">\n\t\t\t\t\t<div class=\"elementor-column elementor-col-100 elementor-top-column elementor-element elementor-element-556be77 portales-container\" data-id=\"556be77\" data-element_type=\"column\" data-e-type=\"column\">\n\t\t\t<div class=\"elementor-widget-wrap elementor-element-populated\">\n\t\t\t\t\t\t<div class=\"elementor-element elementor-element-df9862d elementor-widget__width-initial elementor-widget elementor-widget-heading\" data-id=\"df9862d\" data-element_type=\"widget\" data-e-type=\"widget\" data-widget_type=\"heading.default\">\n\t\t\t\t<div class=\"elementor-widget-container\">\n\t\t\t\t\t<h1 class=\"elementor-heading-title elementor-size-default\">Centro de Documentaci\u00f3n y Atenci\u00f3n al Usuario<\/h1>\t\t\t\t<\/div>\n\t\t\t\t<\/div>\n\t\t\t\t<section class=\"elementor-section elementor-inner-section elementor-element elementor-element-b3b2867 elementor-section-full_width portales-main-container elementor-section-height-default elementor-section-height-default\" data-id=\"b3b2867\" data-element_type=\"section\" data-e-type=\"section\">\n\t\t\t\t\t\t<div class=\"elementor-container elementor-column-gap-default\">\n\t\t\t\t\t<div class=\"elementor-column elementor-col-100 elementor-inner-column elementor-element elementor-element-38dbe2a\" data-id=\"38dbe2a\" data-element_type=\"column\" data-e-type=\"column\">\n\t\t\t<div class=\"elementor-widget-wrap elementor-element-populated\">\n\t\t\t\t\t\t<div class=\"elementor-element elementor-element-7e72f3e elementor-widget elementor-widget-text-editor\" data-id=\"7e72f3e\" data-element_type=\"widget\" data-e-type=\"widget\" data-widget_type=\"text-editor.default\">\n\t\t\t\t<div class=\"elementor-widget-container\">\n\t\t\t\t\t\t\t\t\t<p>Es un centro especializado en datos estad\u00edsticos sobre la Ciudad de Buenos Aires y metodolog\u00eda de recolecci\u00f3n de datos.<\/p><p>El\u00a0<strong>servicio de atenci\u00f3n al usuario<\/strong>\u00a0se presta a trav\u00e9s de varios canales:<\/p><ul><li><a href=\"mailto:cdocumentacion@estadisticaciudad.gob.ar\">Correo electr\u00f3nico:\u00a0<\/a>Para facilitar la consulta desde cualquier lugar y en cualquier momento. Si la informaci\u00f3n solicitada se encuentra en formato electr\u00f3nico se env\u00eda lo requerido por este mismo medio.<\/li><li><strong>Tel\u00e9fono:<\/strong>\u00a0No se brindan datos a trav\u00e9s del contacto telef\u00f3nico, s\u00f3lo orientaci\u00f3n para efectuar el pedido.<\/li><li><strong>Personalmente:<\/strong>\u00a0En nuestra sala de lectura,<strong>\u00a0previa cita\u00a0<\/strong>concertada por tel\u00e9fono o e-mail.<\/li><li><a href=\"http:\/\/www.estadisticaciudad.gob.ar\/eyc\/?page_id=62854\">Cat\u00e1logo en l\u00ednea:<\/a>\u00a0Desde esta misma P\u00e1gina Web en donde pueden encontrarse referencias bibliogr\u00e1ficas y documentos de texto completo. Todos los documentos impresos o electr\u00f3nicos que figuran en este cat\u00e1logo est\u00e1n disponibles para la consulta.<\/li><li><a href=\"https:\/\/wa.me\/+5491151469839\" target=\"_blank\" rel=\"noopener noreferrer\">Whatsapp:<\/a>\u00a0para evacuar dudas y consultas (solo mensajes).<\/li><\/ul>\t\t\t\t\t\t\t\t<\/div>\n\t\t\t\t<\/div>\n\t\t\t\t\t<\/div>\n\t\t<\/div>\n\t\t\t\t\t<\/div>\n\t\t<\/section>\n\t\t\t\t\t<\/div>\n\t\t<\/div>\n\t\t\t\t\t<\/div>\n\t\t<\/section>\n\t\t\t\t<\/div>\n\t\t","protected":false},"excerpt":{"rendered":"<p>Centro de Documentaci\u00f3n y Atenci\u00f3n al Usuario Es un centro especializado en datos estad\u00edsticos sobre la Ciudad de Buenos Aires y metodolog\u00eda de recolecci\u00f3n&#46;&#46;&#46;<\/p>\n","protected":false},"author":22,"featured_media":0,"parent":0,"menu_order":0,"comment_status":"closed","ping_status":"closed","template":"","meta":{"_acf_changed":false,"inline_featured_image":false,"ep_exclude_from_search":false,"footnotes":""},"class_list":["post-477","page","type-page","status-publish","hentry"],"acf":[],"_links":{"self":[{"href":"https:\/\/www.estadisticaciudad.gob.ar\/eyc\/wp-json\/wp\/v2\/pages\/477","targetHints":{"allow":["GET"]}}],"collection":[{"href":"https:\/\/www.estadisticaciudad.gob.ar\/eyc\/wp-json\/wp\/v2\/pages"}],"about":[{"href":"https:\/\/www.estadisticaciudad.gob.ar\/eyc\/wp-json\/wp\/v2\/types\/page"}],"author":[{"embeddable":true,"href":"https:\/\/www.estadisticaciudad.gob.ar\/eyc\/wp-json\/wp\/v2\/users\/22"}],"replies":[{"embeddable":true,"href":"https:\/\/www.estadisticaciudad.gob.ar\/eyc\/wp-json\/wp\/v2\/comments?post=477"}],"version-history":[{"count":40,"href":"https:\/\/www.estadisticaciudad.gob.ar\/eyc\/wp-json\/wp\/v2\/pages\/477\/revisions"}],"predecessor-version":[{"id":192891,"href":"https:\/\/www.estadisticaciudad.gob.ar\/eyc\/wp-json\/wp\/v2\/pages\/477\/revisions\/192891"}],"wp:attachment":[{"href":"https:\/\/www.estadisticaciudad.gob.ar\/eyc\/wp-json\/wp\/v2\/media?parent=477"}],"curies":[{"name":"wp","href":"https:\/\/api.w.org\/{rel}","templated":true}]}}