{"id":429,"date":"2014-07-11T13:37:43","date_gmt":"2014-07-11T13:37:43","guid":{"rendered":"http:\/\/www.estadisticaciudad.gob.ar\/eyc\/?page_id=429"},"modified":"2026-03-26T12:09:54","modified_gmt":"2026-03-26T15:09:54","slug":"institucional","status":"publish","type":"page","link":"https:\/\/www.estadisticaciudad.gob.ar\/eyc\/institucional\/","title":{"rendered":"Institucional"},"content":{"rendered":"\t\t<div data-elementor-type=\"wp-post\" data-elementor-id=\"429\" class=\"elementor elementor-429\" data-elementor-post-type=\"page\">\n\t\t\t\t\t\t<section class=\"elementor-section elementor-top-section elementor-element elementor-element-6f98962 institucion elementor-section-boxed elementor-section-height-default elementor-section-height-default\" data-id=\"6f98962\" data-element_type=\"section\" data-e-type=\"section\" data-settings=\"{&quot;background_background&quot;:&quot;classic&quot;}\">\n\t\t\t\t\t\t<div class=\"elementor-container elementor-column-gap-default\">\n\t\t\t\t\t<div class=\"elementor-column elementor-col-100 elementor-top-column elementor-element elementor-element-0df508f\" data-id=\"0df508f\" data-element_type=\"column\" data-e-type=\"column\">\n\t\t\t<div class=\"elementor-widget-wrap elementor-element-populated\">\n\t\t\t\t\t\t<div class=\"elementor-element elementor-element-9f4deb4 elementor-widget__width-initial elementor-widget elementor-widget-heading\" data-id=\"9f4deb4\" data-element_type=\"widget\" data-e-type=\"widget\" data-widget_type=\"heading.default\">\n\t\t\t\t<div class=\"elementor-widget-container\">\n\t\t\t\t\t<h1 class=\"elementor-heading-title elementor-size-default\">Institucional\u200b<\/h1>\t\t\t\t<\/div>\n\t\t\t\t<\/div>\n\t\t\t\t<section class=\"elementor-section elementor-inner-section elementor-element elementor-element-32d26f4 display-flex elementor-section-boxed elementor-section-height-default elementor-section-height-default\" data-id=\"32d26f4\" data-element_type=\"section\" data-e-type=\"section\">\n\t\t\t\t\t\t<div class=\"elementor-container elementor-column-gap-default\">\n\t\t\t\t\t<div class=\"elementor-column elementor-col-50 elementor-inner-column elementor-element elementor-element-114a8b7\" data-id=\"114a8b7\" data-element_type=\"column\" data-e-type=\"column\">\n\t\t\t<div class=\"elementor-widget-wrap elementor-element-populated\">\n\t\t\t\t\t\t<div class=\"elementor-element elementor-element-5cd404f elementor-widget__width-inherit elementor-widget elementor-widget-text-editor\" data-id=\"5cd404f\" data-element_type=\"widget\" data-e-type=\"widget\" data-widget_type=\"text-editor.default\">\n\t\t\t\t<div class=\"elementor-widget-container\">\n\t\t\t\t\t\t\t\t\t<p><strong>El valor social de la estad\u00edstica oficial.<\/strong> Las estad\u00edsticas oficiales constituyen un elemento indispensable en el sistema de informaci\u00f3n de una sociedad democr\u00e1tica y proporcionan al gobierno, a la econom\u00eda y al p\u00fablico datos acerca de la situaci\u00f3n econ\u00f3mica, demogr\u00e1fica, social y ambiental.<\/p>\n<br>\n<p align=\"right\"><em>Principios fundamentales de las Estad\u00edsticas Oficiales. Naciones Unidas 1994<\/em><\/p>\t\t\t\t\t\t\t\t<\/div>\n\t\t\t\t<\/div>\n\t\t\t\t\t<\/div>\n\t\t<\/div>\n\t\t\t\t<div class=\"elementor-column elementor-col-50 elementor-inner-column elementor-element elementor-element-1e9696a\" data-id=\"1e9696a\" data-element_type=\"column\" data-e-type=\"column\">\n\t\t\t<div class=\"elementor-widget-wrap elementor-element-populated\">\n\t\t\t\t\t\t<div class=\"elementor-element elementor-element-22efb0c elementor-widget elementor-widget-text-editor\" data-id=\"22efb0c\" data-element_type=\"widget\" data-e-type=\"widget\" data-widget_type=\"text-editor.default\">\n\t\t\t\t<div class=\"elementor-widget-container\">\n\t\t\t\t\t\t\t\t\t<p>El Instituto de Estad\u00edstica y Censos de la Ciudad Aut\u00f3noma de Buenos Aires (IDECBA) fue creado el 13 de junio de 2024 en el contexto de la Ley GCBA N\u00b0 6724 que establece el marco legal que rige el Sistema Estad\u00edstico de la Ciudad (SEC). El nuevo organismo hereda la trayectoria de los 137 a\u00f1os de existencia de la DGESYC,\u00a0<a href=\"https:\/\/www.estadisticaciudad.gob.ar\/eyc\/?page_id=740\">cuya creaci\u00f3n data de 1887.<\/a><\/p><p>El IDECBA tiene a su cargo las actividades estad\u00edsticas oficiales y la realizaci\u00f3n de los censos que se efect\u00faen en el territorio de la Ciudad. Como autoridad de aplicaci\u00f3n de la <a href=\"https:\/\/www.estadisticaciudad.gob.ar\/eyc\/?page_id=87589\">Ley<\/a>, organiza y coordina de forma independiente la generaci\u00f3n y difusi\u00f3n de estad\u00edsticas oficiales. El flujo de informaci\u00f3n generado conforma un acervo estad\u00edstico que da sustento al an\u00e1lisis de la realidad socioecon\u00f3mica de la Ciudad y a la definici\u00f3n de\u00a0pol\u00edticas p\u00fablicas\u00a0m\u00e1s justas y equitativas, para la jurisdicci\u00f3n.<\/p><p>Algunas de las funciones del IDECBA son:<\/p><ul><li><strong>Garantizar la homogeneidad conceptual<\/strong>\u00a0de la producci\u00f3n estad\u00edstica, impartiendo en el SEC lineamientos metodol\u00f3gicos uniformes acordados internacionalmente: definiciones, clasificaciones y m\u00e9todos.<\/li><li><strong>Planificar proyectos estad\u00edsticos anuales\u00a0<\/strong>para mantener y desarrollar los registros estad\u00edsticos.<\/li><li><strong>Promover proyectos estad\u00edsticos plurianuales<\/strong>\u00a0para satisfacer necesidades puntuales y como parte del desarrollo estrat\u00e9gico de las estad\u00edsticas oficiales de la Ciudad Aut\u00f3noma de Buenos Aires.<\/li><\/ul>\t\t\t\t\t\t\t\t<\/div>\n\t\t\t\t<\/div>\n\t\t\t\t<div class=\"elementor-element elementor-element-575b66d elementor-widget elementor-widget-heading\" data-id=\"575b66d\" data-element_type=\"widget\" data-e-type=\"widget\" data-widget_type=\"heading.default\">\n\t\t\t\t<div class=\"elementor-widget-container\">\n\t\t\t\t\t<h3 class=\"elementor-heading-title elementor-size-default\"><a href=\"#legal-tecnica\">Secreto estad\u00edstico\n<\/a><\/h3>\t\t\t\t<\/div>\n\t\t\t\t<\/div>\n\t\t\t\t<div class=\"elementor-element elementor-element-fe4d2b1 elementor-widget elementor-widget-text-editor\" data-id=\"fe4d2b1\" data-element_type=\"widget\" data-e-type=\"widget\" data-widget_type=\"text-editor.default\">\n\t\t\t\t<div class=\"elementor-widget-container\">\n\t\t\t\t\t\t\t\t\t<p>Los datos publicados por el IDECBA a partir de encuestas o censos no permiten una identificaci\u00f3n directa ni indirecta de las respuestas ni de quienes responden. Todas las estad\u00edsticas producidas son an\u00f3nimas\u00a0<a href=\"https:\/\/www.estadisticaciudad.gob.ar\/eyc\/?page_id=161473\" rel=\"noopener noreferrer\">VER<\/a><\/p>\t\t\t\t\t\t\t\t<\/div>\n\t\t\t\t<\/div>\n\t\t\t\t<div class=\"elementor-element elementor-element-a2d7781 elementor-widget elementor-widget-heading\" data-id=\"a2d7781\" data-element_type=\"widget\" data-e-type=\"widget\" data-widget_type=\"heading.default\">\n\t\t\t\t<div class=\"elementor-widget-container\">\n\t\t\t\t\t<h3 class=\"elementor-heading-title elementor-size-default\"><a href=\"#legal-tecnica\">Misi\u00f3n<\/a><\/h3>\t\t\t\t<\/div>\n\t\t\t\t<\/div>\n\t\t\t\t<div class=\"elementor-element elementor-element-86a8adb elementor-widget elementor-widget-text-editor\" data-id=\"86a8adb\" data-element_type=\"widget\" data-e-type=\"widget\" data-widget_type=\"text-editor.default\">\n\t\t\t\t<div class=\"elementor-widget-container\">\n\t\t\t\t\t\t\t\t\t<p>Garantizar estad\u00edsticas oficiales de calidad, con independencia profesional, para la toma de decisiones informadas.<\/p>\t\t\t\t\t\t\t\t<\/div>\n\t\t\t\t<\/div>\n\t\t\t\t<div class=\"elementor-element elementor-element-4da6ccd elementor-widget elementor-widget-heading\" data-id=\"4da6ccd\" data-element_type=\"widget\" data-e-type=\"widget\" data-widget_type=\"heading.default\">\n\t\t\t\t<div class=\"elementor-widget-container\">\n\t\t\t\t\t<h3 class=\"elementor-heading-title elementor-size-default\"><a href=\"#legal-tecnica\">Visi\u00f3n<\/a><\/h3>\t\t\t\t<\/div>\n\t\t\t\t<\/div>\n\t\t\t\t<div class=\"elementor-element elementor-element-d7a53a3 elementor-widget elementor-widget-text-editor\" data-id=\"d7a53a3\" data-element_type=\"widget\" data-e-type=\"widget\" data-widget_type=\"text-editor.default\">\n\t\t\t\t<div class=\"elementor-widget-container\">\n\t\t\t\t\t\t\t\t\t<p>El IDECBA se propone:<\/p><ul><li>Modernizar sostenidamente la producci\u00f3n estad\u00edstica para alcanzar los niveles de administraciones desarrolladas.<\/li><li>Proyectarse como centro de referencia en el uso de las estad\u00edsticas de la Ciudad en los \u00e1mbitos productivos y acad\u00e9micos.<\/li><li>Generar conciencia estad\u00edstica en la ciudadan\u00eda.<\/li><\/ul>\t\t\t\t\t\t\t\t<\/div>\n\t\t\t\t<\/div>\n\t\t\t\t<div class=\"elementor-element elementor-element-de9c9e8 elementor-widget elementor-widget-heading\" data-id=\"de9c9e8\" data-element_type=\"widget\" data-e-type=\"widget\" data-widget_type=\"heading.default\">\n\t\t\t\t<div class=\"elementor-widget-container\">\n\t\t\t\t\t<h3 class=\"elementor-heading-title elementor-size-default\"><a href=\"#legal-tecnica\">Valores<\/a><\/h3>\t\t\t\t<\/div>\n\t\t\t\t<\/div>\n\t\t\t\t<div class=\"elementor-element elementor-element-41442e9 elementor-widget elementor-widget-text-editor\" data-id=\"41442e9\" data-element_type=\"widget\" data-e-type=\"widget\" data-widget_type=\"text-editor.default\">\n\t\t\t\t<div class=\"elementor-widget-container\">\n\t\t\t\t\t\t\t\t\t<p>El IDECBA comparte y sostiene valores basados en los principios fundamentales de la calidad estad\u00edstica de Naciones Unidas:\u00a0<\/p><ul><li><p><strong><strong>C<\/strong>onfiabilidad &#8211; Credibilidad. <\/strong>Proyectamos este valor conjunto a partir de un proceso de mejora continua en la producci\u00f3n de estad\u00edsticas oficiales garantizando rigor metodol\u00f3gico y cient\u00edfico en nuestras mediciones, aplicando est\u00e1ndares \u00e9ticos y profesionales, consolidados internacionalmente, en el marco de la imparcialidad.<\/p><\/li><li><p><strong>Accesibilidad.\u00a0<\/strong>Las estad\u00edsticas oficiales est\u00e1n, al alcance de toda la poblaci\u00f3n usuaria en diferentes formatos, de manera tal que permiten claridad, interpretatividad y replicabilidad.<\/p><\/li><li><p><strong>Eficiencia.<\/strong>\u00a0Est\u00e1 basada en la formaci\u00f3n y capacitaci\u00f3n de los recursos humanos, la incorporaci\u00f3n de procesos y procedimientos que optimizan el flujo de trabajo y la coordinaci\u00f3n del Sistema Estad\u00edstico de la Ciudad a partir de la integraci\u00f3n de las fuentes de datos.<\/p><\/li><li><p><strong>Confidencialidad.\u00a0<\/strong>Los datos individuales recolectados, tanto de personas como de organizaciones, son estrictamente confidenciales. Se mantienen a resguardo y se utilizan exclusivamente para la compilaci\u00f3n estad\u00edstica.<\/p><\/li><\/ul>\t\t\t\t\t\t\t\t<\/div>\n\t\t\t\t<\/div>\n\t\t\t\t\t<\/div>\n\t\t<\/div>\n\t\t\t\t\t<\/div>\n\t\t<\/section>\n\t\t\t\t\t<\/div>\n\t\t<\/div>\n\t\t\t\t\t<\/div>\n\t\t<\/section>\n\t\t\t\t<\/div>\n\t\t","protected":false},"excerpt":{"rendered":"<p>Institucional\u200b El valor social de la estad\u00edstica oficial. Las estad\u00edsticas oficiales constituyen un elemento indispensable en el sistema de informaci\u00f3n de una sociedad democr\u00e1tica&#46;&#46;&#46;<\/p>\n","protected":false},"author":22,"featured_media":0,"parent":0,"menu_order":0,"comment_status":"closed","ping_status":"open","template":"elementor_header_footer","meta":{"_acf_changed":false,"inline_featured_image":false,"ep_exclude_from_search":false,"footnotes":""},"class_list":["post-429","page","type-page","status-publish","hentry"],"acf":[],"_links":{"self":[{"href":"https:\/\/www.estadisticaciudad.gob.ar\/eyc\/wp-json\/wp\/v2\/pages\/429","targetHints":{"allow":["GET"]}}],"collection":[{"href":"https:\/\/www.estadisticaciudad.gob.ar\/eyc\/wp-json\/wp\/v2\/pages"}],"about":[{"href":"https:\/\/www.estadisticaciudad.gob.ar\/eyc\/wp-json\/wp\/v2\/types\/page"}],"author":[{"embeddable":true,"href":"https:\/\/www.estadisticaciudad.gob.ar\/eyc\/wp-json\/wp\/v2\/users\/22"}],"replies":[{"embeddable":true,"href":"https:\/\/www.estadisticaciudad.gob.ar\/eyc\/wp-json\/wp\/v2\/comments?post=429"}],"version-history":[{"count":173,"href":"https:\/\/www.estadisticaciudad.gob.ar\/eyc\/wp-json\/wp\/v2\/pages\/429\/revisions"}],"predecessor-version":[{"id":191849,"href":"https:\/\/www.estadisticaciudad.gob.ar\/eyc\/wp-json\/wp\/v2\/pages\/429\/revisions\/191849"}],"wp:attachment":[{"href":"https:\/\/www.estadisticaciudad.gob.ar\/eyc\/wp-json\/wp\/v2\/media?parent=429"}],"curies":[{"name":"wp","href":"https:\/\/api.w.org\/{rel}","templated":true}]}}