{"id":190711,"date":"2026-02-27T14:19:42","date_gmt":"2026-02-27T17:19:42","guid":{"rendered":"https:\/\/www.estadisticaciudad.gob.ar\/eyc\/?page_id=190711"},"modified":"2026-02-27T15:06:44","modified_gmt":"2026-02-27T18:06:44","slug":"resultados-encuesta-de-satisfaccion","status":"publish","type":"page","link":"https:\/\/www.estadisticaciudad.gob.ar\/eyc\/resultados-encuesta-de-satisfaccion\/","title":{"rendered":"Resultados encuesta de satisfacci\u00f3n"},"content":{"rendered":"\t\t<div data-elementor-type=\"wp-page\" data-elementor-id=\"190711\" class=\"elementor elementor-190711\" data-elementor-post-type=\"page\">\n\t\t\t\t\t\t<section class=\"elementor-section elementor-top-section elementor-element elementor-element-76217bd elementor-section-boxed elementor-section-height-default elementor-section-height-default\" data-id=\"76217bd\" data-element_type=\"section\" data-e-type=\"section\" data-settings=\"{&quot;background_background&quot;:&quot;classic&quot;}\">\n\t\t\t\t\t\t<div class=\"elementor-container elementor-column-gap-default\">\n\t\t\t\t\t<div class=\"elementor-column elementor-col-100 elementor-top-column elementor-element elementor-element-3207a98 portales-container\" data-id=\"3207a98\" data-element_type=\"column\" data-e-type=\"column\">\n\t\t\t<div class=\"elementor-widget-wrap elementor-element-populated\">\n\t\t\t\t\t\t<div class=\"elementor-element elementor-element-055e588 elementor-widget__width-initial elementor-widget elementor-widget-heading\" data-id=\"055e588\" data-element_type=\"widget\" data-e-type=\"widget\" data-widget_type=\"heading.default\">\n\t\t\t\t<div class=\"elementor-widget-container\">\n\t\t\t\t\t<h1 class=\"elementor-heading-title elementor-size-default\">Resultados encuesta de satisfacci\u00f3n<\/h1>\t\t\t\t<\/div>\n\t\t\t\t<\/div>\n\t\t\t\t<div class=\"elementor-element elementor-element-fe67f8a elementor-widget elementor-widget-text-editor\" data-id=\"fe67f8a\" data-element_type=\"widget\" data-e-type=\"widget\" data-widget_type=\"text-editor.default\">\n\t\t\t\t<div class=\"elementor-widget-container\">\n\t\t\t\t\t\t\t\t\t<p>El Instituto de Estad\u00edstica y Censos de la Ciudad Aut\u00f3noma de Buenos Aires (IDECBA) produce y difunde estad\u00edsticas oficiales, brindando informaci\u00f3n a vecinos\/as, organismos del Gobierno de la Ciudad Aut\u00f3noma de Buenos Aires y p\u00fablico usuario en general.<\/p>\n<br>\n<p>En esta secci\u00f3n se presentan los resultados hist\u00f3ricos de la Encuesta de Satisfacci\u00f3n, que permiten conocer el perfil de las personas usuarias, la evoluci\u00f3n de las consultas recibidas y su valoraci\u00f3n sobre los servicios brindados.<\/p>\n<br>\n<p>La medici\u00f3n forma parte del Sistema de Gesti\u00f3n de la Calidad certificado bajo norma <span style=\"color: #03508c;\"><a style=\"color: #03508c;\" href=\"https:\/\/www.estadisticaciudad.gob.ar\/eyc\/wp-content\/uploads\/2018\/03\/certificados_IRAM.pdf\" target=\"_blank\" rel=\"noopener noreferrer\">ISO 9001:2015<\/a><\/span> y constituye una herramienta clave para la mejora continua de los procesos y productos institucionales.<\/p>\t\t\t\t\t\t\t\t<\/div>\n\t\t\t\t<\/div>\n\t\t\t\t<div class=\"elementor-element elementor-element-b3dc89c elementor-icon-list--layout-traditional elementor-list-item-link-full_width elementor-widget elementor-widget-icon-list\" data-id=\"b3dc89c\" data-element_type=\"widget\" data-e-type=\"widget\" data-widget_type=\"icon-list.default\">\n\t\t\t\t<div class=\"elementor-widget-container\">\n\t\t\t\t\t\t\t<ul class=\"elementor-icon-list-items\">\n\t\t\t\t\t\t\t<li class=\"elementor-icon-list-item\">\n\t\t\t\t\t\t\t\t\t\t\t<a href=\"https:\/\/www.estadisticaciudad.gob.ar\/eyc\/wp-content\/uploads\/2026\/02\/satisfaccion-del-usuario_2022_2023.pdf\" target=\"_blank\">\n\n\t\t\t\t\t\t\t\t\t\t\t\t<span class=\"elementor-icon-list-icon\">\n\t\t\t\t\t\t\t<svg xmlns=\"http:\/\/www.w3.org\/2000\/svg\" width=\"30\" height=\"29\" viewBox=\"0 0 30 29\" fill=\"none\"><path d=\"M1 14.6191C1 12.5911 1.44993 10.6667 2.25682 8.93747\" stroke=\"#004F8C\" stroke-width=\"1.5\"><\/path><path d=\"M1 14.619C1 22.1406 7.18968 28.2381 14.825 28.2381C22.4604 28.2381 28.6501 22.1406 28.6501 14.619C28.6501 7.09745 22.4604 1 14.825 1C9.24827 1 4.44271 4.25279 2.25682 8.93746\" stroke=\"#004F8C\" stroke-width=\"1.5\"><\/path><rect x=\"7.36914\" y=\"14.5985\" width=\"2.51364\" height=\"8.66667\" rx=\"0.3\" fill=\"#004F8C\"><\/rect><rect x=\"13.2764\" y=\"5.93185\" width=\"2.51364\" height=\"17.3333\" rx=\"0.3\" fill=\"#004F8C\"><\/rect><path d=\"M19.1836 9.94615C19.1836 9.78046 19.3179 9.64615 19.4836 9.64615H21.3972C21.5629 9.64615 21.6972 9.78046 21.6972 9.94615V22.9652C21.6972 23.1309 21.5629 23.2652 21.3972 23.2652H19.4836C19.3179 23.2652 19.1836 23.1309 19.1836 22.9652V9.94615Z\" fill=\"#004F8C\"><\/path><\/svg>\t\t\t\t\t\t<\/span>\n\t\t\t\t\t\t\t\t\t\t<span class=\"elementor-icon-list-text\">Satisfacci\u00f3n de usuarios 2022-2023<\/span>\n\t\t\t\t\t\t\t\t\t\t\t<\/a>\n\t\t\t\t\t\t\t\t\t<\/li>\n\t\t\t\t\t\t\t\t<li class=\"elementor-icon-list-item\">\n\t\t\t\t\t\t\t\t\t\t\t<a href=\"https:\/\/www.estadisticaciudad.gob.ar\/eyc\/wp-content\/uploads\/2022\/03\/satisaccion-del-usuario_2020_2021.pdf\" target=\"_blank\">\n\n\t\t\t\t\t\t\t\t\t\t\t\t<span class=\"elementor-icon-list-icon\">\n\t\t\t\t\t\t\t<svg xmlns=\"http:\/\/www.w3.org\/2000\/svg\" width=\"30\" height=\"29\" viewBox=\"0 0 30 29\" fill=\"none\"><path d=\"M1 14.6191C1 12.5911 1.44993 10.6667 2.25682 8.93747\" stroke=\"#004F8C\" stroke-width=\"1.5\"><\/path><path d=\"M1 14.619C1 22.1406 7.18968 28.2381 14.825 28.2381C22.4604 28.2381 28.6501 22.1406 28.6501 14.619C28.6501 7.09745 22.4604 1 14.825 1C9.24827 1 4.44271 4.25279 2.25682 8.93746\" stroke=\"#004F8C\" stroke-width=\"1.5\"><\/path><rect x=\"7.36914\" y=\"14.5985\" width=\"2.51364\" height=\"8.66667\" rx=\"0.3\" fill=\"#004F8C\"><\/rect><rect x=\"13.2764\" y=\"5.93185\" width=\"2.51364\" height=\"17.3333\" rx=\"0.3\" fill=\"#004F8C\"><\/rect><path d=\"M19.1836 9.94615C19.1836 9.78046 19.3179 9.64615 19.4836 9.64615H21.3972C21.5629 9.64615 21.6972 9.78046 21.6972 9.94615V22.9652C21.6972 23.1309 21.5629 23.2652 21.3972 23.2652H19.4836C19.3179 23.2652 19.1836 23.1309 19.1836 22.9652V9.94615Z\" fill=\"#004F8C\"><\/path><\/svg>\t\t\t\t\t\t<\/span>\n\t\t\t\t\t\t\t\t\t\t<span class=\"elementor-icon-list-text\">Satisfacci\u00f3n de usuarios 2020-2021<\/span>\n\t\t\t\t\t\t\t\t\t\t\t<\/a>\n\t\t\t\t\t\t\t\t\t<\/li>\n\t\t\t\t\t\t\t\t<li class=\"elementor-icon-list-item\">\n\t\t\t\t\t\t\t\t\t\t\t<a href=\"https:\/\/www.estadisticaciudad.gob.ar\/eyc\/wp-content\/uploads\/2020\/07\/evaluacion_satisfaccion_2018-2019.pdf\" target=\"_blank\">\n\n\t\t\t\t\t\t\t\t\t\t\t\t<span class=\"elementor-icon-list-icon\">\n\t\t\t\t\t\t\t<svg xmlns=\"http:\/\/www.w3.org\/2000\/svg\" width=\"30\" height=\"29\" viewBox=\"0 0 30 29\" fill=\"none\"><path d=\"M1 14.6191C1 12.5911 1.44993 10.6667 2.25682 8.93747\" stroke=\"#004F8C\" stroke-width=\"1.5\"><\/path><path d=\"M1 14.619C1 22.1406 7.18968 28.2381 14.825 28.2381C22.4604 28.2381 28.6501 22.1406 28.6501 14.619C28.6501 7.09745 22.4604 1 14.825 1C9.24827 1 4.44271 4.25279 2.25682 8.93746\" stroke=\"#004F8C\" stroke-width=\"1.5\"><\/path><rect x=\"7.36914\" y=\"14.5985\" width=\"2.51364\" height=\"8.66667\" rx=\"0.3\" fill=\"#004F8C\"><\/rect><rect x=\"13.2764\" y=\"5.93185\" width=\"2.51364\" height=\"17.3333\" rx=\"0.3\" fill=\"#004F8C\"><\/rect><path d=\"M19.1836 9.94615C19.1836 9.78046 19.3179 9.64615 19.4836 9.64615H21.3972C21.5629 9.64615 21.6972 9.78046 21.6972 9.94615V22.9652C21.6972 23.1309 21.5629 23.2652 21.3972 23.2652H19.4836C19.3179 23.2652 19.1836 23.1309 19.1836 22.9652V9.94615Z\" fill=\"#004F8C\"><\/path><\/svg>\t\t\t\t\t\t<\/span>\n\t\t\t\t\t\t\t\t\t\t<span class=\"elementor-icon-list-text\">Satisfacci\u00f3n de usuarios 2018-2019<\/span>\n\t\t\t\t\t\t\t\t\t\t\t<\/a>\n\t\t\t\t\t\t\t\t\t<\/li>\n\t\t\t\t\t\t\t\t<li class=\"elementor-icon-list-item\">\n\t\t\t\t\t\t\t\t\t\t\t<a href=\"http:\/\/www.estadisticaciudad.gob.ar\/eyc\/wp-content\/uploads\/2018\/07\/evaluacion_satisfaccion_2016-2017.pdf\" target=\"_blank\">\n\n\t\t\t\t\t\t\t\t\t\t\t\t<span class=\"elementor-icon-list-icon\">\n\t\t\t\t\t\t\t<svg xmlns=\"http:\/\/www.w3.org\/2000\/svg\" width=\"30\" height=\"29\" viewBox=\"0 0 30 29\" fill=\"none\"><path d=\"M1 14.6191C1 12.5911 1.44993 10.6667 2.25682 8.93747\" stroke=\"#004F8C\" stroke-width=\"1.5\"><\/path><path d=\"M1 14.619C1 22.1406 7.18968 28.2381 14.825 28.2381C22.4604 28.2381 28.6501 22.1406 28.6501 14.619C28.6501 7.09745 22.4604 1 14.825 1C9.24827 1 4.44271 4.25279 2.25682 8.93746\" stroke=\"#004F8C\" stroke-width=\"1.5\"><\/path><rect x=\"7.36914\" y=\"14.5985\" width=\"2.51364\" height=\"8.66667\" rx=\"0.3\" fill=\"#004F8C\"><\/rect><rect x=\"13.2764\" y=\"5.93185\" width=\"2.51364\" height=\"17.3333\" rx=\"0.3\" fill=\"#004F8C\"><\/rect><path d=\"M19.1836 9.94615C19.1836 9.78046 19.3179 9.64615 19.4836 9.64615H21.3972C21.5629 9.64615 21.6972 9.78046 21.6972 9.94615V22.9652C21.6972 23.1309 21.5629 23.2652 21.3972 23.2652H19.4836C19.3179 23.2652 19.1836 23.1309 19.1836 22.9652V9.94615Z\" fill=\"#004F8C\"><\/path><\/svg>\t\t\t\t\t\t<\/span>\n\t\t\t\t\t\t\t\t\t\t<span class=\"elementor-icon-list-text\">Satisfacci\u00f3n de usuarios 2016-2017<\/span>\n\t\t\t\t\t\t\t\t\t\t\t<\/a>\n\t\t\t\t\t\t\t\t\t<\/li>\n\t\t\t\t\t\t\t\t<li class=\"elementor-icon-list-item\">\n\t\t\t\t\t\t\t\t\t\t\t<a href=\"http:\/\/www.estadisticaciudad.gob.ar\/eyc\/wp-content\/uploads\/2017\/05\/evaluacion_satisfaccion_2016.pdf\" target=\"_blank\">\n\n\t\t\t\t\t\t\t\t\t\t\t\t<span class=\"elementor-icon-list-icon\">\n\t\t\t\t\t\t\t<svg xmlns=\"http:\/\/www.w3.org\/2000\/svg\" width=\"30\" height=\"29\" viewBox=\"0 0 30 29\" fill=\"none\"><path d=\"M1 14.6191C1 12.5911 1.44993 10.6667 2.25682 8.93747\" stroke=\"#004F8C\" stroke-width=\"1.5\"><\/path><path d=\"M1 14.619C1 22.1406 7.18968 28.2381 14.825 28.2381C22.4604 28.2381 28.6501 22.1406 28.6501 14.619C28.6501 7.09745 22.4604 1 14.825 1C9.24827 1 4.44271 4.25279 2.25682 8.93746\" stroke=\"#004F8C\" stroke-width=\"1.5\"><\/path><rect x=\"7.36914\" y=\"14.5985\" width=\"2.51364\" height=\"8.66667\" rx=\"0.3\" fill=\"#004F8C\"><\/rect><rect x=\"13.2764\" y=\"5.93185\" width=\"2.51364\" height=\"17.3333\" rx=\"0.3\" fill=\"#004F8C\"><\/rect><path d=\"M19.1836 9.94615C19.1836 9.78046 19.3179 9.64615 19.4836 9.64615H21.3972C21.5629 9.64615 21.6972 9.78046 21.6972 9.94615V22.9652C21.6972 23.1309 21.5629 23.2652 21.3972 23.2652H19.4836C19.3179 23.2652 19.1836 23.1309 19.1836 22.9652V9.94615Z\" fill=\"#004F8C\"><\/path><\/svg>\t\t\t\t\t\t<\/span>\n\t\t\t\t\t\t\t\t\t\t<span class=\"elementor-icon-list-text\">Satisfacci\u00f3n de usuarios 2015-2016<\/span>\n\t\t\t\t\t\t\t\t\t\t\t<\/a>\n\t\t\t\t\t\t\t\t\t<\/li>\n\t\t\t\t\t\t\t\t<li class=\"elementor-icon-list-item\">\n\t\t\t\t\t\t\t\t\t\t\t<a href=\"http:\/\/www.estadisticaciudad.gob.ar\/eyc\/wp-content\/uploads\/2016\/03\/evaluacion_satisfaccion_2015.pdf\" target=\"_blank\">\n\n\t\t\t\t\t\t\t\t\t\t\t\t<span class=\"elementor-icon-list-icon\">\n\t\t\t\t\t\t\t<svg xmlns=\"http:\/\/www.w3.org\/2000\/svg\" width=\"30\" height=\"29\" viewBox=\"0 0 30 29\" fill=\"none\"><path d=\"M1 14.6191C1 12.5911 1.44993 10.6667 2.25682 8.93747\" stroke=\"#004F8C\" stroke-width=\"1.5\"><\/path><path d=\"M1 14.619C1 22.1406 7.18968 28.2381 14.825 28.2381C22.4604 28.2381 28.6501 22.1406 28.6501 14.619C28.6501 7.09745 22.4604 1 14.825 1C9.24827 1 4.44271 4.25279 2.25682 8.93746\" stroke=\"#004F8C\" stroke-width=\"1.5\"><\/path><rect x=\"7.36914\" y=\"14.5985\" width=\"2.51364\" height=\"8.66667\" rx=\"0.3\" fill=\"#004F8C\"><\/rect><rect x=\"13.2764\" y=\"5.93185\" width=\"2.51364\" height=\"17.3333\" rx=\"0.3\" fill=\"#004F8C\"><\/rect><path d=\"M19.1836 9.94615C19.1836 9.78046 19.3179 9.64615 19.4836 9.64615H21.3972C21.5629 9.64615 21.6972 9.78046 21.6972 9.94615V22.9652C21.6972 23.1309 21.5629 23.2652 21.3972 23.2652H19.4836C19.3179 23.2652 19.1836 23.1309 19.1836 22.9652V9.94615Z\" fill=\"#004F8C\"><\/path><\/svg>\t\t\t\t\t\t<\/span>\n\t\t\t\t\t\t\t\t\t\t<span class=\"elementor-icon-list-text\">Satisfacci\u00f3n de usuarios 2015<\/span>\n\t\t\t\t\t\t\t\t\t\t\t<\/a>\n\t\t\t\t\t\t\t\t\t<\/li>\n\t\t\t\t\t\t\t\t<li class=\"elementor-icon-list-item\">\n\t\t\t\t\t\t\t\t\t\t\t<a href=\"http:\/\/www.estadisticaciudad.gob.ar\/eyc\/wp-content\/uploads\/gestion_de_calidad\/evaluacion_satisfaccion_2013.pdf\" target=\"_blank\">\n\n\t\t\t\t\t\t\t\t\t\t\t\t<span class=\"elementor-icon-list-icon\">\n\t\t\t\t\t\t\t<svg xmlns=\"http:\/\/www.w3.org\/2000\/svg\" width=\"30\" height=\"29\" viewBox=\"0 0 30 29\" fill=\"none\"><path d=\"M1 14.6191C1 12.5911 1.44993 10.6667 2.25682 8.93747\" stroke=\"#004F8C\" stroke-width=\"1.5\"><\/path><path d=\"M1 14.619C1 22.1406 7.18968 28.2381 14.825 28.2381C22.4604 28.2381 28.6501 22.1406 28.6501 14.619C28.6501 7.09745 22.4604 1 14.825 1C9.24827 1 4.44271 4.25279 2.25682 8.93746\" stroke=\"#004F8C\" stroke-width=\"1.5\"><\/path><rect x=\"7.36914\" y=\"14.5985\" width=\"2.51364\" height=\"8.66667\" rx=\"0.3\" fill=\"#004F8C\"><\/rect><rect x=\"13.2764\" y=\"5.93185\" width=\"2.51364\" height=\"17.3333\" rx=\"0.3\" fill=\"#004F8C\"><\/rect><path d=\"M19.1836 9.94615C19.1836 9.78046 19.3179 9.64615 19.4836 9.64615H21.3972C21.5629 9.64615 21.6972 9.78046 21.6972 9.94615V22.9652C21.6972 23.1309 21.5629 23.2652 21.3972 23.2652H19.4836C19.3179 23.2652 19.1836 23.1309 19.1836 22.9652V9.94615Z\" fill=\"#004F8C\"><\/path><\/svg>\t\t\t\t\t\t<\/span>\n\t\t\t\t\t\t\t\t\t\t<span class=\"elementor-icon-list-text\">Satisfacci\u00f3n de usuarios 2013<\/span>\n\t\t\t\t\t\t\t\t\t\t\t<\/a>\n\t\t\t\t\t\t\t\t\t<\/li>\n\t\t\t\t\t\t\t\t<li class=\"elementor-icon-list-item\">\n\t\t\t\t\t\t\t\t\t\t\t<a href=\"http:\/\/www.estadisticaciudad.gob.ar\/eyc\/wp-content\/uploads\/gestion_de_calidad\/evaluacion_satisfaccion_2010.pdf\" target=\"_blank\">\n\n\t\t\t\t\t\t\t\t\t\t\t\t<span class=\"elementor-icon-list-icon\">\n\t\t\t\t\t\t\t<svg xmlns=\"http:\/\/www.w3.org\/2000\/svg\" width=\"30\" height=\"29\" viewBox=\"0 0 30 29\" fill=\"none\"><path d=\"M1 14.6191C1 12.5911 1.44993 10.6667 2.25682 8.93747\" stroke=\"#004F8C\" stroke-width=\"1.5\"><\/path><path d=\"M1 14.619C1 22.1406 7.18968 28.2381 14.825 28.2381C22.4604 28.2381 28.6501 22.1406 28.6501 14.619C28.6501 7.09745 22.4604 1 14.825 1C9.24827 1 4.44271 4.25279 2.25682 8.93746\" stroke=\"#004F8C\" stroke-width=\"1.5\"><\/path><rect x=\"7.36914\" y=\"14.5985\" width=\"2.51364\" height=\"8.66667\" rx=\"0.3\" fill=\"#004F8C\"><\/rect><rect x=\"13.2764\" y=\"5.93185\" width=\"2.51364\" height=\"17.3333\" rx=\"0.3\" fill=\"#004F8C\"><\/rect><path d=\"M19.1836 9.94615C19.1836 9.78046 19.3179 9.64615 19.4836 9.64615H21.3972C21.5629 9.64615 21.6972 9.78046 21.6972 9.94615V22.9652C21.6972 23.1309 21.5629 23.2652 21.3972 23.2652H19.4836C19.3179 23.2652 19.1836 23.1309 19.1836 22.9652V9.94615Z\" fill=\"#004F8C\"><\/path><\/svg>\t\t\t\t\t\t<\/span>\n\t\t\t\t\t\t\t\t\t\t<span class=\"elementor-icon-list-text\">Satisfacci\u00f3n de usuarios 2010<\/span>\n\t\t\t\t\t\t\t\t\t\t\t<\/a>\n\t\t\t\t\t\t\t\t\t<\/li>\n\t\t\t\t\t\t\t\t<li class=\"elementor-icon-list-item\">\n\t\t\t\t\t\t\t\t\t\t\t<a href=\"http:\/\/www.estadisticaciudad.gob.ar\/eyc\/wp-content\/uploads\/2015\/08\/evaluacion_satisfaccion_2009.pdf\" target=\"_blank\">\n\n\t\t\t\t\t\t\t\t\t\t\t\t<span class=\"elementor-icon-list-icon\">\n\t\t\t\t\t\t\t<svg xmlns=\"http:\/\/www.w3.org\/2000\/svg\" width=\"30\" height=\"29\" viewBox=\"0 0 30 29\" fill=\"none\"><path d=\"M1 14.6191C1 12.5911 1.44993 10.6667 2.25682 8.93747\" stroke=\"#004F8C\" stroke-width=\"1.5\"><\/path><path d=\"M1 14.619C1 22.1406 7.18968 28.2381 14.825 28.2381C22.4604 28.2381 28.6501 22.1406 28.6501 14.619C28.6501 7.09745 22.4604 1 14.825 1C9.24827 1 4.44271 4.25279 2.25682 8.93746\" stroke=\"#004F8C\" stroke-width=\"1.5\"><\/path><rect x=\"7.36914\" y=\"14.5985\" width=\"2.51364\" height=\"8.66667\" rx=\"0.3\" fill=\"#004F8C\"><\/rect><rect x=\"13.2764\" y=\"5.93185\" width=\"2.51364\" height=\"17.3333\" rx=\"0.3\" fill=\"#004F8C\"><\/rect><path d=\"M19.1836 9.94615C19.1836 9.78046 19.3179 9.64615 19.4836 9.64615H21.3972C21.5629 9.64615 21.6972 9.78046 21.6972 9.94615V22.9652C21.6972 23.1309 21.5629 23.2652 21.3972 23.2652H19.4836C19.3179 23.2652 19.1836 23.1309 19.1836 22.9652V9.94615Z\" fill=\"#004F8C\"><\/path><\/svg>\t\t\t\t\t\t<\/span>\n\t\t\t\t\t\t\t\t\t\t<span class=\"elementor-icon-list-text\">Satisfacci\u00f3n de usuarios 2009<\/span>\n\t\t\t\t\t\t\t\t\t\t\t<\/a>\n\t\t\t\t\t\t\t\t\t<\/li>\n\t\t\t\t\t\t<\/ul>\n\t\t\t\t\t\t<\/div>\n\t\t\t\t<\/div>\n\t\t\t\t\t<\/div>\n\t\t<\/div>\n\t\t\t\t\t<\/div>\n\t\t<\/section>\n\t\t\t\t<\/div>\n\t\t","protected":false},"excerpt":{"rendered":"<p>Resultados encuesta de satisfacci\u00f3n El Instituto de Estad\u00edstica y Censos de la Ciudad Aut\u00f3noma de Buenos Aires (IDECBA) produce y difunde estad\u00edsticas oficiales, brindando&#46;&#46;&#46;<\/p>\n","protected":false},"author":42,"featured_media":0,"parent":0,"menu_order":0,"comment_status":"open","ping_status":"closed","template":"elementor_header_footer","meta":{"_acf_changed":false,"inline_featured_image":false,"ep_exclude_from_search":false,"footnotes":""},"class_list":["post-190711","page","type-page","status-publish","hentry"],"acf":[],"_links":{"self":[{"href":"https:\/\/www.estadisticaciudad.gob.ar\/eyc\/wp-json\/wp\/v2\/pages\/190711","targetHints":{"allow":["GET"]}}],"collection":[{"href":"https:\/\/www.estadisticaciudad.gob.ar\/eyc\/wp-json\/wp\/v2\/pages"}],"about":[{"href":"https:\/\/www.estadisticaciudad.gob.ar\/eyc\/wp-json\/wp\/v2\/types\/page"}],"author":[{"embeddable":true,"href":"https:\/\/www.estadisticaciudad.gob.ar\/eyc\/wp-json\/wp\/v2\/users\/42"}],"replies":[{"embeddable":true,"href":"https:\/\/www.estadisticaciudad.gob.ar\/eyc\/wp-json\/wp\/v2\/comments?post=190711"}],"version-history":[{"count":53,"href":"https:\/\/www.estadisticaciudad.gob.ar\/eyc\/wp-json\/wp\/v2\/pages\/190711\/revisions"}],"predecessor-version":[{"id":190775,"href":"https:\/\/www.estadisticaciudad.gob.ar\/eyc\/wp-json\/wp\/v2\/pages\/190711\/revisions\/190775"}],"wp:attachment":[{"href":"https:\/\/www.estadisticaciudad.gob.ar\/eyc\/wp-json\/wp\/v2\/media?parent=190711"}],"curies":[{"name":"wp","href":"https:\/\/api.w.org\/{rel}","templated":true}]}}