{"id":188961,"date":"2025-12-18T11:42:18","date_gmt":"2025-12-18T14:42:18","guid":{"rendered":"https:\/\/www.estadisticaciudad.gob.ar\/eyc\/?page_id=188961"},"modified":"2025-12-18T14:51:42","modified_gmt":"2025-12-18T17:51:42","slug":"listado-dotacion","status":"publish","type":"page","link":"https:\/\/www.estadisticaciudad.gob.ar\/eyc\/listado-dotacion\/","title":{"rendered":"Listado Dotaci\u00f3n"},"content":{"rendered":"\t\t<div data-elementor-type=\"wp-page\" data-elementor-id=\"188961\" class=\"elementor elementor-188961\" data-elementor-post-type=\"page\">\n\t\t\t\t\t\t<section class=\"elementor-section elementor-top-section elementor-element elementor-element-c04972f elementor-section-boxed elementor-section-height-default elementor-section-height-default\" data-id=\"c04972f\" data-element_type=\"section\" data-e-type=\"section\" data-settings=\"{&quot;background_background&quot;:&quot;classic&quot;}\">\n\t\t\t\t\t\t<div class=\"elementor-container elementor-column-gap-default\">\n\t\t\t\t\t<div class=\"elementor-column elementor-col-100 elementor-top-column elementor-element elementor-element-b0d483d\" data-id=\"b0d483d\" data-element_type=\"column\" data-e-type=\"column\">\n\t\t\t<div class=\"elementor-widget-wrap elementor-element-populated\">\n\t\t\t\t\t\t<div class=\"elementor-element elementor-element-50cf370 elementor-widget__width-auto elementor-view-default elementor-widget elementor-widget-icon\" data-id=\"50cf370\" data-element_type=\"widget\" data-e-type=\"widget\" data-widget_type=\"icon.default\">\n\t\t\t\t<div class=\"elementor-widget-container\">\n\t\t\t\t\t\t\t<div class=\"elementor-icon-wrapper\">\n\t\t\t<a class=\"elementor-icon\" href=\"https:\/\/www.estadisticaciudad.gob.ar\/eyc\/transparencia-activa\/\">\n\t\t\t<i aria-hidden=\"true\" class=\"fas fa-chevron-circle-left\"><\/i>\t\t\t<\/a>\n\t\t<\/div>\n\t\t\t\t\t\t<\/div>\n\t\t\t\t<\/div>\n\t\t\t\t<div class=\"elementor-element elementor-element-3460477 elementor-widget__width-auto elementor-widget elementor-widget-heading\" data-id=\"3460477\" data-element_type=\"widget\" data-e-type=\"widget\" data-widget_type=\"heading.default\">\n\t\t\t\t<div class=\"elementor-widget-container\">\n\t\t\t\t\t<h2 class=\"elementor-heading-title elementor-size-default\">TRANSPARENCIA ACTIVA<\/h2>\t\t\t\t<\/div>\n\t\t\t\t<\/div>\n\t\t\t\t<div class=\"elementor-element elementor-element-06b557f elementor-widget__width-initial elementor-widget elementor-widget-heading\" data-id=\"06b557f\" data-element_type=\"widget\" data-e-type=\"widget\" data-widget_type=\"heading.default\">\n\t\t\t\t<div class=\"elementor-widget-container\">\n\t\t\t\t\t<h2 class=\"elementor-heading-title elementor-size-default\">Listado de dotaci\u00f3n actualizado al 30\/9<\/h2>\t\t\t\t<\/div>\n\t\t\t\t<\/div>\n\t\t\t\t<div class=\"elementor-element elementor-element-552e71c elementor-widget elementor-widget-text-editor\" data-id=\"552e71c\" data-element_type=\"widget\" data-e-type=\"widget\" data-widget_type=\"text-editor.default\">\n\t\t\t\t<div class=\"elementor-widget-container\">\n\t\t\t\t\t\t\t\t\t<p><a href=\"https:\/\/www.estadisticaciudad.gob.ar\/eyc\/wp-content\/uploads\/2025\/12\/dotacion-IDECBA-contratos-locacion-de-servicios-y-obra.xlsx\" target=\"_blank\" rel=\"noopener\"><span data-olk-copy-source=\"MessageBody\">Dotaci\u00f3n IDECBA contratos de locaci\u00f3n de servicios y obra<\/span><\/a><\/p><p><a href=\"https:\/\/www.estadisticaciudad.gob.ar\/eyc\/wp-content\/uploads\/2025\/12\/dotacion-IDECBA-plantas-permantente-y-transitoria.xlsx\" target=\"_blank\" rel=\"noopener\"><span data-olk-copy-source=\"MessageBody\">Dotaci\u00f3n IDECBA plantas permantente y transitoria<\/span><\/a><\/p>\t\t\t\t\t\t\t\t<\/div>\n\t\t\t\t<\/div>\n\t\t\t\t\t<\/div>\n\t\t<\/div>\n\t\t\t\t\t<\/div>\n\t\t<\/section>\n\t\t\t\t<section class=\"elementor-section elementor-top-section elementor-element elementor-element-219789d elementor-section-boxed elementor-section-height-default elementor-section-height-default\" data-id=\"219789d\" data-element_type=\"section\" data-e-type=\"section\">\n\t\t\t\t\t\t<div class=\"elementor-container elementor-column-gap-default\">\n\t\t\t\t\t<div class=\"elementor-column elementor-col-100 elementor-top-column elementor-element elementor-element-8899810\" data-id=\"8899810\" data-element_type=\"column\" data-e-type=\"column\">\n\t\t\t<div class=\"elementor-widget-wrap\">\n\t\t\t\t\t\t\t<\/div>\n\t\t<\/div>\n\t\t\t\t\t<\/div>\n\t\t<\/section>\n\t\t\t\t<\/div>\n\t\t","protected":false},"excerpt":{"rendered":"<p>TRANSPARENCIA ACTIVA Listado de dotaci\u00f3n actualizado al 30\/9 Dotaci\u00f3n IDECBA contratos de locaci\u00f3n de servicios y obra Dotaci\u00f3n IDECBA plantas permantente y transitoria<\/p>\n","protected":false},"author":14,"featured_media":0,"parent":0,"menu_order":0,"comment_status":"closed","ping_status":"closed","template":"","meta":{"_acf_changed":false,"inline_featured_image":false,"ep_exclude_from_search":true,"footnotes":""},"class_list":["post-188961","page","type-page","status-publish","hentry"],"acf":[],"_links":{"self":[{"href":"https:\/\/www.estadisticaciudad.gob.ar\/eyc\/wp-json\/wp\/v2\/pages\/188961","targetHints":{"allow":["GET"]}}],"collection":[{"href":"https:\/\/www.estadisticaciudad.gob.ar\/eyc\/wp-json\/wp\/v2\/pages"}],"about":[{"href":"https:\/\/www.estadisticaciudad.gob.ar\/eyc\/wp-json\/wp\/v2\/types\/page"}],"author":[{"embeddable":true,"href":"https:\/\/www.estadisticaciudad.gob.ar\/eyc\/wp-json\/wp\/v2\/users\/14"}],"replies":[{"embeddable":true,"href":"https:\/\/www.estadisticaciudad.gob.ar\/eyc\/wp-json\/wp\/v2\/comments?post=188961"}],"version-history":[{"count":13,"href":"https:\/\/www.estadisticaciudad.gob.ar\/eyc\/wp-json\/wp\/v2\/pages\/188961\/revisions"}],"predecessor-version":[{"id":188986,"href":"https:\/\/www.estadisticaciudad.gob.ar\/eyc\/wp-json\/wp\/v2\/pages\/188961\/revisions\/188986"}],"wp:attachment":[{"href":"https:\/\/www.estadisticaciudad.gob.ar\/eyc\/wp-json\/wp\/v2\/media?parent=188961"}],"curies":[{"name":"wp","href":"https:\/\/api.w.org\/{rel}","templated":true}]}}