{"id":164744,"date":"2025-02-25T16:29:40","date_gmt":"2025-02-25T19:29:40","guid":{"rendered":"https:\/\/www.estadisticaciudad.gob.ar\/eyc\/?page_id=164744"},"modified":"2025-06-06T11:53:11","modified_gmt":"2025-06-06T14:53:11","slug":"8-de-marzo-dia-internacional-de-la-mujer-2024-2-2-2-2-3-2-2-2-2","status":"publish","type":"page","link":"https:\/\/www.estadisticaciudad.gob.ar\/eyc\/8-de-marzo-dia-internacional-de-la-mujer-2024-2-2-2-2-3-2-2-2-2\/","title":{"rendered":"Gr\u00e1fico 7 &#8211; 8 de marzo: D\u00eda Internacional de la Mujer 2025"},"content":{"rendered":"\t\t<div data-elementor-type=\"wp-post\" data-elementor-id=\"164744\" class=\"elementor elementor-164744\" data-elementor-post-type=\"page\">\n\t\t\t\t\t\t<section class=\"elementor-section elementor-top-section elementor-element elementor-element-df749db elementor-section-full_width elementor-section-height-default elementor-section-height-default\" data-id=\"df749db\" data-element_type=\"section\" data-e-type=\"section\" data-settings=\"{&quot;background_background&quot;:&quot;classic&quot;}\">\n\t\t\t\t\t\t\t<div class=\"elementor-background-overlay\"><\/div>\n\t\t\t\t\t\t\t<div class=\"elementor-container elementor-column-gap-default\">\n\t\t\t\t\t<header class=\"elementor-column elementor-col-100 elementor-top-column elementor-element elementor-element-5abb3ff\" data-id=\"5abb3ff\" data-element_type=\"column\" data-e-type=\"column\" data-settings=\"{&quot;background_background&quot;:&quot;classic&quot;}\">\n\t\t\t<div class=\"elementor-widget-wrap elementor-element-populated\">\n\t\t\t\t\t\t<div class=\"elementor-element elementor-element-dcf9c47 elementor-widget elementor-widget-image\" data-id=\"dcf9c47\" data-element_type=\"widget\" data-e-type=\"widget\" data-widget_type=\"image.default\">\n\t\t\t\t<div class=\"elementor-widget-container\">\n\t\t\t\t\t\t\t\t\t\t\t\t\t\t\t\t<a href=\"https:\/\/www.estadisticaciudad.gob.ar\/eyc\" target=\"_blank\">\n\t\t\t\t\t\t\t<img decoding=\"async\" width=\"198\" height=\"251\" src=\"https:\/\/www.estadisticaciudad.gob.ar\/eyc\/wp-content\/uploads\/2024\/08\/logo-IDECBA-oficial-blanco.png\" class=\"attachment-large size-large wp-image-157887\" alt=\"\" srcset=\"https:\/\/www.estadisticaciudad.gob.ar\/eyc\/wp-content\/uploads\/2024\/08\/logo-IDECBA-oficial-blanco.png 198w, https:\/\/www.estadisticaciudad.gob.ar\/eyc\/wp-content\/uploads\/2024\/08\/logo-IDECBA-oficial-blanco-118x150.png 118w\" sizes=\"(max-width: 198px) 100vw, 198px\" \/>\t\t\t\t\t\t\t\t<\/a>\n\t\t\t\t\t\t\t\t\t\t\t\t\t\t\t<\/div>\n\t\t\t\t<\/div>\n\t\t\t\t\t<\/div>\n\t\t<\/header>\n\t\t\t\t\t<\/div>\n\t\t<\/section>\n\t\t\t\t<section class=\"elementor-section elementor-top-section elementor-element elementor-element-1131733 elementor-section-stretched elementor-section-full_width elementor-section-height-default elementor-section-height-default\" data-id=\"1131733\" data-element_type=\"section\" data-e-type=\"section\" data-settings=\"{&quot;stretch_section&quot;:&quot;section-stretched&quot;,&quot;background_background&quot;:&quot;classic&quot;}\">\n\t\t\t\t\t\t<div class=\"elementor-container elementor-column-gap-no\">\n\t\t\t\t\t<div class=\"elementor-column elementor-col-66 elementor-top-column elementor-element elementor-element-3181bf3\" data-id=\"3181bf3\" data-element_type=\"column\" data-e-type=\"column\">\n\t\t\t<div class=\"elementor-widget-wrap elementor-element-populated\">\n\t\t\t\t\t\t<div class=\"elementor-element elementor-element-ea01c13 elementor-widget elementor-widget-heading\" data-id=\"ea01c13\" data-element_type=\"widget\" data-e-type=\"widget\" data-widget_type=\"heading.default\">\n\t\t\t\t<div class=\"elementor-widget-container\">\n\t\t\t\t\t<p class=\"elementor-heading-title elementor-size-default\">8 de marzo:<br>\nD\u00eda Internacional de la Mujer 2025<\/p>\t\t\t\t<\/div>\n\t\t\t\t<\/div>\n\t\t\t\t\t<\/div>\n\t\t<\/div>\n\t\t\t\t<div class=\"elementor-column elementor-col-33 elementor-top-column elementor-element elementor-element-be6206d\" data-id=\"be6206d\" data-element_type=\"column\" data-e-type=\"column\">\n\t\t\t<div class=\"elementor-widget-wrap elementor-element-populated\">\n\t\t\t\t\t\t<div class=\"elementor-element elementor-element-1ebfa29 elementor-align-right elementor-widget elementor-widget-button\" data-id=\"1ebfa29\" data-element_type=\"widget\" data-e-type=\"widget\" data-widget_type=\"button.default\">\n\t\t\t\t<div class=\"elementor-widget-container\">\n\t\t\t\t\t\t\t\t\t<div class=\"elementor-button-wrapper\">\n\t\t\t\t\t<a class=\"elementor-button elementor-button-link elementor-size-sm elementor-animation-grow\" href=\"https:\/\/www.estadisticaciudad.gob.ar\/eyc\/?page_id=164609#TNR\">\n\t\t\t\t\t\t<span class=\"elementor-button-content-wrapper\">\n\t\t\t\t\t\t<span class=\"elementor-button-icon\">\n\t\t\t\t\t\t\t\t\t<i class=\"fa fa-arrow-left\" aria-hidden=\"true\"><\/i>\n\t\t\t\t\t\t\t<\/span>\n\t\t\t\t\t\t\t\t\t<span class=\"elementor-button-text\">Volver<\/span>\n\t\t\t\t\t<\/span>\n\t\t\t\t\t<\/a>\n\t\t\t\t<\/div>\n\t\t\t\t\t\t\t\t<\/div>\n\t\t\t\t<\/div>\n\t\t\t\t\t<\/div>\n\t\t<\/div>\n\t\t\t\t\t<\/div>\n\t\t<\/section>\n\t\t\t\t<section class=\"elementor-section elementor-top-section elementor-element elementor-element-ca5ced3 elementor-section-content-middle elementor-section-boxed elementor-section-height-default elementor-section-height-default\" data-id=\"ca5ced3\" data-element_type=\"section\" data-e-type=\"section\">\n\t\t\t\t\t\t<div class=\"elementor-container elementor-column-gap-default\">\n\t\t\t\t\t<div class=\"elementor-column elementor-col-50 elementor-top-column elementor-element elementor-element-9c17fc2\" data-id=\"9c17fc2\" data-element_type=\"column\" data-e-type=\"column\">\n\t\t\t<div class=\"elementor-widget-wrap elementor-element-populated\">\n\t\t\t\t\t\t<div class=\"elementor-element elementor-element-6427fc6 elementor-widget elementor-widget-heading\" data-id=\"6427fc6\" data-element_type=\"widget\" data-e-type=\"widget\" data-widget_type=\"heading.default\">\n\t\t\t\t<div class=\"elementor-widget-container\">\n\t\t\t\t\t<p class=\"elementor-heading-title elementor-size-default\">G.7<\/p>\t\t\t\t<\/div>\n\t\t\t\t<\/div>\n\t\t\t\t\t<\/div>\n\t\t<\/div>\n\t\t\t\t<div class=\"elementor-column elementor-col-50 elementor-top-column elementor-element elementor-element-fab4e60\" data-id=\"fab4e60\" data-element_type=\"column\" data-e-type=\"column\">\n\t\t\t<div class=\"elementor-widget-wrap\">\n\t\t\t\t\t\t\t<\/div>\n\t\t<\/div>\n\t\t\t\t\t<\/div>\n\t\t<\/section>\n\t\t\t\t<section class=\"elementor-section elementor-top-section elementor-element elementor-element-8a5ff45 elementor-section-boxed elementor-section-height-default elementor-section-height-default\" data-id=\"8a5ff45\" data-element_type=\"section\" data-e-type=\"section\" id=\"intro\" data-settings=\"{&quot;background_background&quot;:&quot;classic&quot;}\">\n\t\t\t\t\t\t<div class=\"elementor-container elementor-column-gap-default\">\n\t\t\t\t\t<div class=\"elementor-column elementor-col-66 elementor-top-column elementor-element elementor-element-a602a4f\" data-id=\"a602a4f\" data-element_type=\"column\" data-e-type=\"column\">\n\t\t\t<div class=\"elementor-widget-wrap elementor-element-populated\">\n\t\t\t\t\t\t<div class=\"elementor-element elementor-element-a40745f elementor-widget elementor-widget-text-editor\" data-id=\"a40745f\" data-element_type=\"widget\" data-e-type=\"widget\" data-widget_type=\"text-editor.default\">\n\t\t\t\t<div class=\"elementor-widget-container\">\n\t\t\t\t\t\t\t\t\t<p>Tasa de participaci\u00f3n en actividades de cuidado no remunerado (cuidado de componentes del hogar, trabajo dom\u00e9stico y ayuda en otros hogares y para la comunidad) por sexo. Ciudad de Buenos Aires. A\u00f1os 2016\/2023<\/p>\t\t\t\t\t\t\t\t<\/div>\n\t\t\t\t<\/div>\n\t\t\t\t<div class=\"elementor-element elementor-element-05261e5 elementor-widget elementor-widget-image\" data-id=\"05261e5\" data-element_type=\"widget\" data-e-type=\"widget\" data-widget_type=\"image.default\">\n\t\t\t\t<div class=\"elementor-widget-container\">\n\t\t\t\t\t\t\t\t\t\t\t\t\t\t\t<img fetchpriority=\"high\" decoding=\"async\" width=\"720\" height=\"486\" src=\"https:\/\/www.estadisticaciudad.gob.ar\/eyc\/wp-content\/uploads\/2025\/03\/G7-1080x729.png\" class=\"attachment-large size-large wp-image-165178\" alt=\"\" srcset=\"https:\/\/www.estadisticaciudad.gob.ar\/eyc\/wp-content\/uploads\/2025\/03\/G7-1080x729.png 1080w, https:\/\/www.estadisticaciudad.gob.ar\/eyc\/wp-content\/uploads\/2025\/03\/G7-150x101.png 150w, https:\/\/www.estadisticaciudad.gob.ar\/eyc\/wp-content\/uploads\/2025\/03\/G7-870x587.png 870w, https:\/\/www.estadisticaciudad.gob.ar\/eyc\/wp-content\/uploads\/2025\/03\/G7-768x518.png 768w, https:\/\/www.estadisticaciudad.gob.ar\/eyc\/wp-content\/uploads\/2025\/03\/G7.png 1378w\" sizes=\"(max-width: 720px) 100vw, 720px\" \/>\t\t\t\t\t\t\t\t\t\t\t\t\t\t\t<\/div>\n\t\t\t\t<\/div>\n\t\t\t\t\t<\/div>\n\t\t<\/div>\n\t\t\t\t<div class=\"elementor-column elementor-col-33 elementor-top-column elementor-element elementor-element-bdd4a0e\" data-id=\"bdd4a0e\" data-element_type=\"column\" data-e-type=\"column\">\n\t\t\t<div class=\"elementor-widget-wrap elementor-element-populated\">\n\t\t\t\t\t\t<section class=\"elementor-section elementor-inner-section elementor-element elementor-element-88038da elementor-section-full_width elementor-section-height-default elementor-section-height-default\" data-id=\"88038da\" data-element_type=\"section\" data-e-type=\"section\" data-settings=\"{&quot;background_background&quot;:&quot;classic&quot;}\">\n\t\t\t\t\t\t<div class=\"elementor-container elementor-column-gap-default\">\n\t\t\t\t\t<div class=\"elementor-column elementor-col-100 elementor-inner-column elementor-element elementor-element-cc7f9ab\" data-id=\"cc7f9ab\" data-element_type=\"column\" data-e-type=\"column\">\n\t\t\t<div class=\"elementor-widget-wrap elementor-element-populated\">\n\t\t\t\t\t\t<div class=\"elementor-element elementor-element-602e523 elementor-widget elementor-widget-text-editor\" data-id=\"602e523\" data-element_type=\"widget\" data-e-type=\"widget\" data-widget_type=\"text-editor.default\">\n\t\t\t\t<div class=\"elementor-widget-container\">\n\t\t\t\t\t\t\t\t\t<p>En 2023, la brecha de g\u00e9nero en el trabajo dom\u00e9stico no remunerado para el propio hogar asciende a 17,4 p.p. Aunque se observa un descenso de la brecha en las actividades de cuidados de componentes del propio hogar (menores, adultos\/as mayores, personas discapacitadas), no ocurre lo mismo con actividades de trabajo no remunerado fuera del hogar.<\/p>\t\t\t\t\t\t\t\t<\/div>\n\t\t\t\t<\/div>\n\t\t\t\t\t<\/div>\n\t\t<\/div>\n\t\t\t\t\t<\/div>\n\t\t<\/section>\n\t\t\t\t\t<\/div>\n\t\t<\/div>\n\t\t\t\t\t<\/div>\n\t\t<\/section>\n\t\t\t\t<section class=\"elementor-section elementor-top-section elementor-element elementor-element-1638c6d elementor-section-boxed elementor-section-height-default elementor-section-height-default\" data-id=\"1638c6d\" data-element_type=\"section\" data-e-type=\"section\" data-settings=\"{&quot;background_background&quot;:&quot;classic&quot;}\">\n\t\t\t\t\t\t<div class=\"elementor-container elementor-column-gap-default\">\n\t\t\t\t\t<div class=\"elementor-column elementor-col-100 elementor-top-column elementor-element elementor-element-d12bdae\" data-id=\"d12bdae\" data-element_type=\"column\" data-e-type=\"column\">\n\t\t\t<div class=\"elementor-widget-wrap elementor-element-populated\">\n\t\t\t\t\t\t<div class=\"elementor-element elementor-element-713d396 elementor-align-right elementor-widget elementor-widget-button\" data-id=\"713d396\" data-element_type=\"widget\" data-e-type=\"widget\" data-widget_type=\"button.default\">\n\t\t\t\t<div class=\"elementor-widget-container\">\n\t\t\t\t\t\t\t\t\t<div class=\"elementor-button-wrapper\">\n\t\t\t\t\t<a class=\"elementor-button elementor-button-link elementor-size-sm elementor-animation-grow\" href=\"https:\/\/www.estadisticaciudad.gob.ar\/eyc\/?page_id=164609#TNR\">\n\t\t\t\t\t\t<span class=\"elementor-button-content-wrapper\">\n\t\t\t\t\t\t<span class=\"elementor-button-icon\">\n\t\t\t\t\t\t\t\t\t<i class=\"fa fa-arrow-left\" aria-hidden=\"true\"><\/i>\n\t\t\t\t\t\t\t<\/span>\n\t\t\t\t\t\t\t\t\t<span class=\"elementor-button-text\">Volver<\/span>\n\t\t\t\t\t<\/span>\n\t\t\t\t\t<\/a>\n\t\t\t\t<\/div>\n\t\t\t\t\t\t\t\t<\/div>\n\t\t\t\t<\/div>\n\t\t\t\t\t<\/div>\n\t\t<\/div>\n\t\t\t\t\t<\/div>\n\t\t<\/section>\n\t\t\t\t<section class=\"elementor-section elementor-top-section elementor-element elementor-element-20d3b41 elementor-section-stretched elementor-section-full_width elementor-section-height-default elementor-section-height-default\" data-id=\"20d3b41\" data-element_type=\"section\" data-e-type=\"section\" data-settings=\"{&quot;stretch_section&quot;:&quot;section-stretched&quot;}\">\n\t\t\t\t\t\t<div class=\"elementor-container elementor-column-gap-no\">\n\t\t\t\t\t<div class=\"elementor-column elementor-col-100 elementor-top-column elementor-element elementor-element-0a60765\" data-id=\"0a60765\" data-element_type=\"column\" data-e-type=\"column\">\n\t\t\t<div class=\"elementor-widget-wrap elementor-element-populated\">\n\t\t\t\t\t\t<div class=\"elementor-element elementor-element-c980ddc elementor-widget elementor-widget-shortcode\" data-id=\"c980ddc\" data-element_type=\"widget\" data-e-type=\"widget\" data-widget_type=\"shortcode.default\">\n\t\t\t\t<div class=\"elementor-widget-container\">\n\t\t\t\t\t\t\t<div class=\"elementor-shortcode\"><\/div>\n\t\t\t\t\t\t<\/div>\n\t\t\t\t<\/div>\n\t\t\t\t\t<\/div>\n\t\t<\/div>\n\t\t\t\t\t<\/div>\n\t\t<\/section>\n\t\t\t\t<section class=\"elementor-section elementor-top-section elementor-element elementor-element-cbc7ac2 elementor-section-boxed elementor-section-height-default elementor-section-height-default\" data-id=\"cbc7ac2\" data-element_type=\"section\" data-e-type=\"section\">\n\t\t\t\t\t\t<div class=\"elementor-container elementor-column-gap-default\">\n\t\t\t\t\t<div class=\"elementor-column elementor-col-100 elementor-top-column elementor-element elementor-element-905c1d8\" data-id=\"905c1d8\" data-element_type=\"column\" data-e-type=\"column\">\n\t\t\t<div class=\"elementor-widget-wrap\">\n\t\t\t\t\t\t\t<\/div>\n\t\t<\/div>\n\t\t\t\t\t<\/div>\n\t\t<\/section>\n\t\t\t\t<\/div>\n\t\t","protected":false},"excerpt":{"rendered":"<p>8 de marzo: D\u00eda Internacional de la Mujer 2025 Volver G.7 Tasa de participaci\u00f3n en actividades de cuidado no remunerado (cuidado de componentes del&#46;&#46;&#46;<\/p>\n","protected":false},"author":40,"featured_media":0,"parent":0,"menu_order":0,"comment_status":"closed","ping_status":"closed","template":"elementor_canvas","meta":{"_acf_changed":false,"inline_featured_image":false,"ep_exclude_from_search":false,"footnotes":""},"class_list":["post-164744","page","type-page","status-publish","hentry"],"acf":[],"_links":{"self":[{"href":"https:\/\/www.estadisticaciudad.gob.ar\/eyc\/wp-json\/wp\/v2\/pages\/164744","targetHints":{"allow":["GET"]}}],"collection":[{"href":"https:\/\/www.estadisticaciudad.gob.ar\/eyc\/wp-json\/wp\/v2\/pages"}],"about":[{"href":"https:\/\/www.estadisticaciudad.gob.ar\/eyc\/wp-json\/wp\/v2\/types\/page"}],"author":[{"embeddable":true,"href":"https:\/\/www.estadisticaciudad.gob.ar\/eyc\/wp-json\/wp\/v2\/users\/40"}],"replies":[{"embeddable":true,"href":"https:\/\/www.estadisticaciudad.gob.ar\/eyc\/wp-json\/wp\/v2\/comments?post=164744"}],"version-history":[{"count":10,"href":"https:\/\/www.estadisticaciudad.gob.ar\/eyc\/wp-json\/wp\/v2\/pages\/164744\/revisions"}],"predecessor-version":[{"id":165196,"href":"https:\/\/www.estadisticaciudad.gob.ar\/eyc\/wp-json\/wp\/v2\/pages\/164744\/revisions\/165196"}],"wp:attachment":[{"href":"https:\/\/www.estadisticaciudad.gob.ar\/eyc\/wp-json\/wp\/v2\/media?parent=164744"}],"curies":[{"name":"wp","href":"https:\/\/api.w.org\/{rel}","templated":true}]}}