{"id":134255,"date":"2022-10-06T13:09:07","date_gmt":"2022-10-06T16:09:07","guid":{"rendered":"https:\/\/www.estadisticaciudad.gob.ar\/eyc\/?page_id=134255"},"modified":"2025-09-01T12:55:28","modified_gmt":"2025-09-01T15:55:28","slug":"comunasenlaweb","status":"publish","type":"page","link":"https:\/\/www.estadisticaciudad.gob.ar\/eyc\/comunasenlaweb\/","title":{"rendered":"Comunas en la web"},"content":{"rendered":"\t\t<div data-elementor-type=\"wp-post\" data-elementor-id=\"134255\" class=\"elementor elementor-134255\" data-elementor-post-type=\"page\">\n\t\t\t\t\t\t<section class=\"elementor-section elementor-top-section elementor-element elementor-element-1f68839 elementor-section-boxed elementor-section-height-default elementor-section-height-default\" data-id=\"1f68839\" data-element_type=\"section\" data-e-type=\"section\" data-settings=\"{&quot;background_background&quot;:&quot;classic&quot;}\">\n\t\t\t\t\t\t<div class=\"elementor-container elementor-column-gap-default\">\n\t\t\t\t\t<div class=\"elementor-column elementor-col-100 elementor-top-column elementor-element elementor-element-5ada985 portales-container\" data-id=\"5ada985\" data-element_type=\"column\" data-e-type=\"column\">\n\t\t\t<div class=\"elementor-widget-wrap elementor-element-populated\">\n\t\t\t\t\t\t<div class=\"elementor-element elementor-element-e660274 elementor-widget__width-initial elementor-widget elementor-widget-heading\" data-id=\"e660274\" data-element_type=\"widget\" data-e-type=\"widget\" data-widget_type=\"heading.default\">\n\t\t\t\t<div class=\"elementor-widget-container\">\n\t\t\t\t\t<h1 class=\"elementor-heading-title elementor-size-default\">Comunas en la web\u200b<\/h1>\t\t\t\t<\/div>\n\t\t\t\t<\/div>\n\t\t\t\t<div class=\"elementor-element elementor-element-028c355 elementor-widget elementor-widget-text-editor\" data-id=\"028c355\" data-element_type=\"widget\" data-e-type=\"widget\" data-widget_type=\"text-editor.default\">\n\t\t\t\t<div class=\"elementor-widget-container\">\n\t\t\t\t\t\t\t\t\t<p style=\"text-align: left;\"><strong>Comunas en la web<\/strong> tiene como objetivo poner a disposici\u00f3n estad\u00edsticas oficiales que, de manera sencilla, permitan trazar un perfil de cada una de las comunas y la comparaci\u00f3n entre ellas. El aplicativo incluye datos demogr\u00e1ficos, sociales, econ\u00f3micos y fiscales. Las comunas de la Ciudad (Leyes N\u00ba 1.777\/2005 y N\u00ba 2.650\/2008) son unidades de gesti\u00f3n pol\u00edtica y administrativa con competencia territorial en las que se divide la Ciudad de Buenos Aires. La informaci\u00f3n reunida en Comunas en la Web sirve como insumo para delinear pol\u00edticas p\u00fablicas y tomar decisiones; adem\u00e1s de ser una herramienta para contribuir al conocimiento de la realidad.<\/p>\t\t\t\t\t\t\t\t<\/div>\n\t\t\t\t<\/div>\n\t\t\t\t<section class=\"elementor-section elementor-inner-section elementor-element elementor-element-55ebbbd elementor-section-full_width portales-main-container elementor-section-height-default elementor-section-height-default\" data-id=\"55ebbbd\" data-element_type=\"section\" data-e-type=\"section\">\n\t\t\t\t\t\t<div class=\"elementor-container elementor-column-gap-default\">\n\t\t\t\t\t<div class=\"elementor-column elementor-col-100 elementor-inner-column elementor-element elementor-element-6fc6a7b\" data-id=\"6fc6a7b\" data-element_type=\"column\" data-e-type=\"column\">\n\t\t\t<div class=\"elementor-widget-wrap elementor-element-populated\">\n\t\t\t\t\t\t<div class=\"elementor-element elementor-element-3673741 custom-accordion elementor-widget elementor-widget-toggle\" data-id=\"3673741\" data-element_type=\"widget\" data-e-type=\"widget\" data-widget_type=\"toggle.default\">\n\t\t\t\t<div class=\"elementor-widget-container\">\n\t\t\t\t\t\t\t<div class=\"elementor-toggle\">\n\t\t\t\t\t\t\t<div class=\"elementor-toggle-item\">\n\t\t\t\t\t<h6 id=\"elementor-tab-title-5701\" class=\"elementor-tab-title\" data-tab=\"1\" role=\"button\" aria-controls=\"elementor-tab-content-5701\" aria-expanded=\"false\">\n\t\t\t\t\t\t\t\t\t\t\t\t<span class=\"elementor-toggle-icon elementor-toggle-icon-right\" aria-hidden=\"true\">\n\t\t\t\t\t\t\t\t\t\t\t\t\t\t\t<span class=\"elementor-toggle-icon-closed\"><svg xmlns=\"http:\/\/www.w3.org\/2000\/svg\" width=\"30\" height=\"30\" viewBox=\"0 0 30 30\" fill=\"none\"><path d=\"M15 3C11.8174 3 8.76516 4.26428 6.51472 6.51472C4.26428 8.76516 3 11.8174 3 15C3 18.1826 4.26428 21.2348 6.51472 23.4853C8.76516 25.7357 11.8174 27 15 27C18.1826 27 21.2348 25.7357 23.4853 23.4853C25.7357 21.2348 27 18.1826 27 15C27 11.8174 25.7357 8.76516 23.4853 6.51472C21.2348 4.26428 18.1826 3 15 3ZM9.32812 14.2969C8.8875 13.8562 8.8875 13.1438 9.32812 12.7078C9.76875 12.2719 10.4812 12.2672 10.9172 12.7078L14.9953 16.7859L19.0734 12.7078C19.5141 12.2672 20.2266 12.2672 20.6625 12.7078C21.0984 13.1484 21.1031 13.8609 20.6625 14.2969L15.7969 19.1719C15.3562 19.6125 14.6438 19.6125 14.2078 19.1719L9.32812 14.2969Z\" fill=\"black\"><\/path><\/svg><\/span>\n\t\t\t\t\t\t\t\t<span class=\"elementor-toggle-icon-opened\"><svg xmlns=\"http:\/\/www.w3.org\/2000\/svg\" width=\"30\" height=\"30\" viewBox=\"0 0 30 30\" fill=\"none\"><path d=\"M15 3C11.8174 3 8.76516 4.26428 6.51472 6.51472C4.26428 8.76516 3 11.8174 3 15C3 18.1826 4.26428 21.2348 6.51472 23.4853C8.76516 25.7357 11.8174 27 15 27C18.1826 27 21.2348 25.7357 23.4853 23.4853C25.7357 21.2348 27 18.1826 27 15C27 11.8174 25.7357 8.76516 23.4853 6.51472C21.2348 4.26428 18.1826 3 15 3ZM9.32812 14.2969C8.8875 13.8562 8.8875 13.1438 9.32812 12.7078C9.76875 12.2719 10.4812 12.2672 10.9172 12.7078L14.9953 16.7859L19.0734 12.7078C19.5141 12.2672 20.2266 12.2672 20.6625 12.7078C21.0984 13.1484 21.1031 13.8609 20.6625 14.2969L15.7969 19.1719C15.3562 19.6125 14.6438 19.6125 14.2078 19.1719L9.32812 14.2969Z\" fill=\"black\"><\/path><\/svg><\/span>\n\t\t\t\t\t\t\t\t\t\t\t\t\t<\/span>\n\t\t\t\t\t\t\t\t\t\t\t\t<a class=\"elementor-toggle-title\" tabindex=\"0\"> \u00bfQu\u00e9 es Comunas en la web?<\/a>\n\t\t\t\t\t<\/h6>\n\n\t\t\t\t\t<div id=\"elementor-tab-content-5701\" class=\"elementor-tab-content elementor-clearfix\" data-tab=\"1\" role=\"region\" aria-labelledby=\"elementor-tab-title-5701\"><ul><li><p><em>Comunas en la web<\/em> es un <strong>proyecto estad\u00edstico<\/strong> del Instituto de Estad\u00edstica y Censos de la Ciudad Aut\u00f3noma de Buenos Aires (Jefatura de Gabinete de Ministros \u2013 GCBA) que presenta informaci\u00f3n actualizada de la Ciudad de Buenos Aires desagregada para cada comuna. Tiene como objetivo poner a disposici\u00f3n de diferentes actores sociales estad\u00edsticas oficiales que permitan conocer <strong>qui\u00e9nes somos y c\u00f3mo vivimos<\/strong>, mediante datos b\u00e1sicos demogr\u00e1ficos, sociales, econ\u00f3micos y fiscales.\u00a0<\/p><p>Se trata de una <strong>selecci\u00f3n de indicadores<\/strong> que permite, de una forma visualmente amigable, trazar un <strong>perfil de cada una de las comunas<\/strong>, adem\u00e1s de facilitar la comparaci\u00f3n entre ellas y con el total de la Ciudad. Toda la informaci\u00f3n se presenta para el \u00faltimo a\u00f1o disponible y corresponde a series hist\u00f3ricas que el Instituto de Estad\u00edstica y Censos de la Ciudad Aut\u00f3noma de Buenos Aires publica en su Banco de datos.<\/p><p>Incluye cerca de noventa indicadores agrupados y <strong>ordenados tem\u00e1ticamente en 9 subtemas <\/strong>(Estructura y distribuci\u00f3n de la poblaci\u00f3n; Crecimiento de la poblaci\u00f3n; Hogares, vivienda y h\u00e1bitat; Educaci\u00f3n; Salud; Ocupaci\u00f3n e ingresos; Impuesto sobre los ingresos brutos; Impuesto inmobiliario y tasas y Construcci\u00f3n y mercado inmobiliario) que se muestran para el total de la Ciudad y para cada comuna.<\/p><p>El aplicativo permite, adem\u00e1s, descargar un archivo Excel con todos los datos (indicadores) y las fuentes de las que provienen. Tambi\u00e9n es posible acceder al glosario de definiciones y signos del Banco de Datos del IDECBA y a una breve descripci\u00f3n de la historia de los barrios que componen cada comuna.<\/p><\/li><\/ul><\/div>\n\t\t\t\t<\/div>\n\t\t\t\t\t\t\t<div class=\"elementor-toggle-item\">\n\t\t\t\t\t<h6 id=\"elementor-tab-title-5702\" class=\"elementor-tab-title\" data-tab=\"2\" role=\"button\" aria-controls=\"elementor-tab-content-5702\" aria-expanded=\"false\">\n\t\t\t\t\t\t\t\t\t\t\t\t<span class=\"elementor-toggle-icon elementor-toggle-icon-right\" aria-hidden=\"true\">\n\t\t\t\t\t\t\t\t\t\t\t\t\t\t\t<span class=\"elementor-toggle-icon-closed\"><svg xmlns=\"http:\/\/www.w3.org\/2000\/svg\" width=\"30\" height=\"30\" viewBox=\"0 0 30 30\" fill=\"none\"><path d=\"M15 3C11.8174 3 8.76516 4.26428 6.51472 6.51472C4.26428 8.76516 3 11.8174 3 15C3 18.1826 4.26428 21.2348 6.51472 23.4853C8.76516 25.7357 11.8174 27 15 27C18.1826 27 21.2348 25.7357 23.4853 23.4853C25.7357 21.2348 27 18.1826 27 15C27 11.8174 25.7357 8.76516 23.4853 6.51472C21.2348 4.26428 18.1826 3 15 3ZM9.32812 14.2969C8.8875 13.8562 8.8875 13.1438 9.32812 12.7078C9.76875 12.2719 10.4812 12.2672 10.9172 12.7078L14.9953 16.7859L19.0734 12.7078C19.5141 12.2672 20.2266 12.2672 20.6625 12.7078C21.0984 13.1484 21.1031 13.8609 20.6625 14.2969L15.7969 19.1719C15.3562 19.6125 14.6438 19.6125 14.2078 19.1719L9.32812 14.2969Z\" fill=\"black\"><\/path><\/svg><\/span>\n\t\t\t\t\t\t\t\t<span class=\"elementor-toggle-icon-opened\"><svg xmlns=\"http:\/\/www.w3.org\/2000\/svg\" width=\"30\" height=\"30\" viewBox=\"0 0 30 30\" fill=\"none\"><path d=\"M15 3C11.8174 3 8.76516 4.26428 6.51472 6.51472C4.26428 8.76516 3 11.8174 3 15C3 18.1826 4.26428 21.2348 6.51472 23.4853C8.76516 25.7357 11.8174 27 15 27C18.1826 27 21.2348 25.7357 23.4853 23.4853C25.7357 21.2348 27 18.1826 27 15C27 11.8174 25.7357 8.76516 23.4853 6.51472C21.2348 4.26428 18.1826 3 15 3ZM9.32812 14.2969C8.8875 13.8562 8.8875 13.1438 9.32812 12.7078C9.76875 12.2719 10.4812 12.2672 10.9172 12.7078L14.9953 16.7859L19.0734 12.7078C19.5141 12.2672 20.2266 12.2672 20.6625 12.7078C21.0984 13.1484 21.1031 13.8609 20.6625 14.2969L15.7969 19.1719C15.3562 19.6125 14.6438 19.6125 14.2078 19.1719L9.32812 14.2969Z\" fill=\"black\"><\/path><\/svg><\/span>\n\t\t\t\t\t\t\t\t\t\t\t\t\t<\/span>\n\t\t\t\t\t\t\t\t\t\t\t\t<a class=\"elementor-toggle-title\" tabindex=\"0\">\u00bfDe d\u00f3nde proviene la informaci\u00f3n publicada?\u200b<\/a>\n\t\t\t\t\t<\/h6>\n\n\t\t\t\t\t<div id=\"elementor-tab-content-5702\" class=\"elementor-tab-content elementor-clearfix\" data-tab=\"2\" role=\"region\" aria-labelledby=\"elementor-tab-title-5702\"><ul><li><p>El aplicativo se nutre de <strong>informaci\u00f3n estad\u00edstica generada por el Instituto de Estad\u00edstica y Censos de la Ciudad Aut\u00f3noma de Buenos Aires <\/strong>(como son las proyecciones de poblaci\u00f3n y la Encuesta Anual de Hogares) y de <strong>registros administrativos provenientes del Ministerio de Salud de la Naci\u00f3n y de otros organismos<\/strong><strong> del GCBA <\/strong>(como, por ejemplo, el Registro Civil, el Ministerio de Educaci\u00f3n, el Ministerio de Salud o la Direcci\u00f3n General de Rentas).<\/p><\/li><\/ul><\/div>\n\t\t\t\t<\/div>\n\t\t\t\t\t\t\t<div class=\"elementor-toggle-item\">\n\t\t\t\t\t<h6 id=\"elementor-tab-title-5703\" class=\"elementor-tab-title\" data-tab=\"3\" role=\"button\" aria-controls=\"elementor-tab-content-5703\" aria-expanded=\"false\">\n\t\t\t\t\t\t\t\t\t\t\t\t<span class=\"elementor-toggle-icon elementor-toggle-icon-right\" aria-hidden=\"true\">\n\t\t\t\t\t\t\t\t\t\t\t\t\t\t\t<span class=\"elementor-toggle-icon-closed\"><svg xmlns=\"http:\/\/www.w3.org\/2000\/svg\" width=\"30\" height=\"30\" viewBox=\"0 0 30 30\" fill=\"none\"><path d=\"M15 3C11.8174 3 8.76516 4.26428 6.51472 6.51472C4.26428 8.76516 3 11.8174 3 15C3 18.1826 4.26428 21.2348 6.51472 23.4853C8.76516 25.7357 11.8174 27 15 27C18.1826 27 21.2348 25.7357 23.4853 23.4853C25.7357 21.2348 27 18.1826 27 15C27 11.8174 25.7357 8.76516 23.4853 6.51472C21.2348 4.26428 18.1826 3 15 3ZM9.32812 14.2969C8.8875 13.8562 8.8875 13.1438 9.32812 12.7078C9.76875 12.2719 10.4812 12.2672 10.9172 12.7078L14.9953 16.7859L19.0734 12.7078C19.5141 12.2672 20.2266 12.2672 20.6625 12.7078C21.0984 13.1484 21.1031 13.8609 20.6625 14.2969L15.7969 19.1719C15.3562 19.6125 14.6438 19.6125 14.2078 19.1719L9.32812 14.2969Z\" fill=\"black\"><\/path><\/svg><\/span>\n\t\t\t\t\t\t\t\t<span class=\"elementor-toggle-icon-opened\"><svg xmlns=\"http:\/\/www.w3.org\/2000\/svg\" width=\"30\" height=\"30\" viewBox=\"0 0 30 30\" fill=\"none\"><path d=\"M15 3C11.8174 3 8.76516 4.26428 6.51472 6.51472C4.26428 8.76516 3 11.8174 3 15C3 18.1826 4.26428 21.2348 6.51472 23.4853C8.76516 25.7357 11.8174 27 15 27C18.1826 27 21.2348 25.7357 23.4853 23.4853C25.7357 21.2348 27 18.1826 27 15C27 11.8174 25.7357 8.76516 23.4853 6.51472C21.2348 4.26428 18.1826 3 15 3ZM9.32812 14.2969C8.8875 13.8562 8.8875 13.1438 9.32812 12.7078C9.76875 12.2719 10.4812 12.2672 10.9172 12.7078L14.9953 16.7859L19.0734 12.7078C19.5141 12.2672 20.2266 12.2672 20.6625 12.7078C21.0984 13.1484 21.1031 13.8609 20.6625 14.2969L15.7969 19.1719C15.3562 19.6125 14.6438 19.6125 14.2078 19.1719L9.32812 14.2969Z\" fill=\"black\"><\/path><\/svg><\/span>\n\t\t\t\t\t\t\t\t\t\t\t\t\t<\/span>\n\t\t\t\t\t\t\t\t\t\t\t\t<a class=\"elementor-toggle-title\" tabindex=\"0\">\u00bfCon qu\u00e9 periodicidad se actualizan los datos?\u200b<\/a>\n\t\t\t\t\t<\/h6>\n\n\t\t\t\t\t<div id=\"elementor-tab-content-5703\" class=\"elementor-tab-content elementor-clearfix\" data-tab=\"3\" role=\"region\" aria-labelledby=\"elementor-tab-title-5703\"><ul><li><p>Los datos son actualizados <strong>anualmente<\/strong>, en el tercer trimestre de cada a\u00f1o. A la vez, es <strong>un producto escalable<\/strong> dado que, en el futuro, contar\u00e1 con m\u00e1s indicadores en funci\u00f3n de las crecientes necesidades de evidencias para la gesti\u00f3n p\u00fablica.<\/p><\/li><\/ul><\/div>\n\t\t\t\t<\/div>\n\t\t\t\t\t\t\t\t<\/div>\n\t\t\t\t\t\t<\/div>\n\t\t\t\t<\/div>\n\t\t\t\t<div class=\"elementor-element elementor-element-7c4e500 elementor-align-justify elementor-widget__width-initial elementor-widget elementor-widget-button\" data-id=\"7c4e500\" data-element_type=\"widget\" data-e-type=\"widget\" data-widget_type=\"button.default\">\n\t\t\t\t<div class=\"elementor-widget-container\">\n\t\t\t\t\t\t\t\t\t<div class=\"elementor-button-wrapper\">\n\t\t\t\t\t<a class=\"elementor-button elementor-button-link elementor-size-sm\" href=\"https:\/\/www.estadisticaciudad.gob.ar\/eyc\/?page_id=155496\" target=\"_blank\">\n\t\t\t\t\t\t<span class=\"elementor-button-content-wrapper\">\n\t\t\t\t\t\t\t\t\t<span class=\"elementor-button-text\">Ver los datos<\/span>\n\t\t\t\t\t<\/span>\n\t\t\t\t\t<\/a>\n\t\t\t\t<\/div>\n\t\t\t\t\t\t\t\t<\/div>\n\t\t\t\t<\/div>\n\t\t\t\t\t<\/div>\n\t\t<\/div>\n\t\t\t\t\t<\/div>\n\t\t<\/section>\n\t\t\t\t\t<\/div>\n\t\t<\/div>\n\t\t\t\t\t<\/div>\n\t\t<\/section>\n\t\t\t\t<\/div>\n\t\t","protected":false},"excerpt":{"rendered":"<p>Comunas en la web\u200b Comunas en la web tiene como objetivo poner a disposici\u00f3n estad\u00edsticas oficiales que, de manera sencilla, permitan trazar un perfil&#46;&#46;&#46;<\/p>\n","protected":false},"author":22,"featured_media":0,"parent":0,"menu_order":0,"comment_status":"open","ping_status":"open","template":"","meta":{"_acf_changed":false,"inline_featured_image":false,"ep_exclude_from_search":false,"footnotes":""},"class_list":["post-134255","page","type-page","status-publish","hentry"],"acf":[],"_links":{"self":[{"href":"https:\/\/www.estadisticaciudad.gob.ar\/eyc\/wp-json\/wp\/v2\/pages\/134255","targetHints":{"allow":["GET"]}}],"collection":[{"href":"https:\/\/www.estadisticaciudad.gob.ar\/eyc\/wp-json\/wp\/v2\/pages"}],"about":[{"href":"https:\/\/www.estadisticaciudad.gob.ar\/eyc\/wp-json\/wp\/v2\/types\/page"}],"author":[{"embeddable":true,"href":"https:\/\/www.estadisticaciudad.gob.ar\/eyc\/wp-json\/wp\/v2\/users\/22"}],"replies":[{"embeddable":true,"href":"https:\/\/www.estadisticaciudad.gob.ar\/eyc\/wp-json\/wp\/v2\/comments?post=134255"}],"version-history":[{"count":60,"href":"https:\/\/www.estadisticaciudad.gob.ar\/eyc\/wp-json\/wp\/v2\/pages\/134255\/revisions"}],"predecessor-version":[{"id":184941,"href":"https:\/\/www.estadisticaciudad.gob.ar\/eyc\/wp-json\/wp\/v2\/pages\/134255\/revisions\/184941"}],"wp:attachment":[{"href":"https:\/\/www.estadisticaciudad.gob.ar\/eyc\/wp-json\/wp\/v2\/media?parent=134255"}],"curies":[{"name":"wp","href":"https:\/\/api.w.org\/{rel}","templated":true}]}}