{"id":102612,"date":"2019-08-09T12:03:51","date_gmt":"2019-08-09T15:03:51","guid":{"rendered":"https:\/\/www.estadisticaciudad.gob.ar\/eyc\/?page_id=102612"},"modified":"2025-09-01T13:13:59","modified_gmt":"2025-09-01T16:13:59","slug":"acerca-del-sidnna","status":"publish","type":"page","link":"https:\/\/www.estadisticaciudad.gob.ar\/eyc\/acerca-del-sidnna\/","title":{"rendered":"Acerca del SIDNNA"},"content":{"rendered":"\t\t<div data-elementor-type=\"wp-post\" data-elementor-id=\"102612\" class=\"elementor elementor-102612\" data-elementor-post-type=\"page\">\n\t\t\t\t\t\t<section class=\"elementor-section elementor-top-section elementor-element elementor-element-db41eb4 elementor-section-boxed elementor-section-height-default elementor-section-height-default\" data-id=\"db41eb4\" data-element_type=\"section\" data-e-type=\"section\" data-settings=\"{&quot;background_background&quot;:&quot;classic&quot;}\">\n\t\t\t\t\t\t<div class=\"elementor-container elementor-column-gap-default\">\n\t\t\t\t\t<div class=\"elementor-column elementor-col-100 elementor-top-column elementor-element elementor-element-3a51b97\" data-id=\"3a51b97\" data-element_type=\"column\" data-e-type=\"column\">\n\t\t\t<div class=\"elementor-widget-wrap elementor-element-populated\">\n\t\t\t\t\t\t<section class=\"elementor-section elementor-inner-section elementor-element elementor-element-b30eaf2 elementor-section-content-middle elementor-section-boxed elementor-section-height-default elementor-section-height-default\" data-id=\"b30eaf2\" data-element_type=\"section\" data-e-type=\"section\">\n\t\t\t\t\t\t<div class=\"elementor-container elementor-column-gap-default\">\n\t\t\t\t\t<div class=\"elementor-column elementor-col-50 elementor-inner-column elementor-element elementor-element-9c92daf\" data-id=\"9c92daf\" data-element_type=\"column\" data-e-type=\"column\">\n\t\t\t<div class=\"elementor-widget-wrap elementor-element-populated\">\n\t\t\t\t\t\t<div class=\"elementor-element elementor-element-6dd93a8 elementor-widget__width-auto elementor-position-top elementor-widget elementor-widget-image-box\" data-id=\"6dd93a8\" data-element_type=\"widget\" data-e-type=\"widget\" data-widget_type=\"image-box.default\">\n\t\t\t\t<div class=\"elementor-widget-container\">\n\t\t\t\t\t<div class=\"elementor-image-box-wrapper\"><figure class=\"elementor-image-box-img\"><img decoding=\"async\" width=\"107\" height=\"107\" src=\"https:\/\/www.estadisticaciudad.gob.ar\/eyc\/wp-content\/uploads\/2025\/05\/Capa_2-2-1.png\" class=\"attachment-full size-full wp-image-170162\" alt=\"\" \/><\/figure><\/div>\t\t\t\t<\/div>\n\t\t\t\t<\/div>\n\t\t\t\t\t<\/div>\n\t\t<\/div>\n\t\t\t\t<div class=\"elementor-column elementor-col-50 elementor-inner-column elementor-element elementor-element-fb929c1\" data-id=\"fb929c1\" data-element_type=\"column\" data-e-type=\"column\">\n\t\t\t<div class=\"elementor-widget-wrap elementor-element-populated\">\n\t\t\t\t\t\t<div class=\"elementor-element elementor-element-e4ddc0e elementor-widget__width-initial elementor-widget elementor-widget-heading\" data-id=\"e4ddc0e\" data-element_type=\"widget\" data-e-type=\"widget\" data-widget_type=\"heading.default\">\n\t\t\t\t<div class=\"elementor-widget-container\">\n\t\t\t\t\t<h1 class=\"elementor-heading-title elementor-size-default\">Sistema de Indicadores de Derechos de Ni\u00f1as, Ni\u00f1os y Adolescentes<\/h1>\t\t\t\t<\/div>\n\t\t\t\t<\/div>\n\t\t\t\t\t<\/div>\n\t\t<\/div>\n\t\t\t\t\t<\/div>\n\t\t<\/section>\n\t\t\t\t<div class=\"elementor-element elementor-element-8207945 elementor-widget elementor-widget-text-editor\" data-id=\"8207945\" data-element_type=\"widget\" data-e-type=\"widget\" data-widget_type=\"text-editor.default\">\n\t\t\t\t<div class=\"elementor-widget-container\">\n\t\t\t\t\t\t\t\t\t<p>El Gobierno de la Ciudad de Buenos aires pone a disposici\u00f3n un conjunto de indicadores de derechos de ni\u00f1as, ni\u00f1os y adolescentes en correspondencia con los derechos consagrados por la Convenci\u00f3n Internacional sobre los Derechos del Ni\u00f1o. Los indicadores se presentan para el total de la Ciudad y las divisiones pol\u00edtico-administrativas que la componen, las comunas.<\/p>\t\t\t\t\t\t\t\t<\/div>\n\t\t\t\t<\/div>\n\t\t\t\t<section class=\"elementor-section elementor-inner-section elementor-element elementor-element-1287a4d elementor-section-boxed elementor-section-height-default elementor-section-height-default\" data-id=\"1287a4d\" data-element_type=\"section\" data-e-type=\"section\">\n\t\t\t\t\t\t<div class=\"elementor-container elementor-column-gap-default\">\n\t\t\t\t\t<div class=\"elementor-column elementor-col-100 elementor-inner-column elementor-element elementor-element-5683a58\" data-id=\"5683a58\" data-element_type=\"column\" data-e-type=\"column\">\n\t\t\t<div class=\"elementor-widget-wrap elementor-element-populated\">\n\t\t\t\t\t\t<div class=\"elementor-element elementor-element-32b988e elementor-widget elementor-widget-heading\" data-id=\"32b988e\" data-element_type=\"widget\" data-e-type=\"widget\" data-widget_type=\"heading.default\">\n\t\t\t\t<div class=\"elementor-widget-container\">\n\t\t\t\t\t<h3 class=\"elementor-heading-title elementor-size-default\">Acerca del Sistema<\/h3>\t\t\t\t<\/div>\n\t\t\t\t<\/div>\n\t\t\t\t<div class=\"elementor-element elementor-element-3b3c84b elementor-widget elementor-widget-text-editor\" data-id=\"3b3c84b\" data-element_type=\"widget\" data-e-type=\"widget\" data-widget_type=\"text-editor.default\">\n\t\t\t\t<div class=\"elementor-widget-container\">\n\t\t\t\t\t\t\t\t\t<p>Al ingresar se podr\u00e1 visualizar los indicadores que integran el sistema y los \u00faltimos datos disponibles para cada uno, organizados por derecho y dimensi\u00f3n, as\u00ed como un conjunto de gr\u00e1ficos que muestran las tendencias o estructura de los principales indicadores para distintos periodos y comunas.<\/p><p>Cada indicador cuenta con su ficha t\u00e9cnica, la cual contiene definiciones, fuentes y metadata complementaria. Para poder acceder a la misma se cliquea en el s\u00edmbolo.<\/p><p>Ingresando en cada indicador se pueden ver tablas con la serie completa de datos y distintos niveles de desagregaci\u00f3n. Las tablas pueden exportarse a Excel y, cuando est\u00e1 disponible, visualizarse en gr\u00e1ficos.<\/p>\t\t\t\t\t\t\t\t<\/div>\n\t\t\t\t<\/div>\n\t\t\t\t<div class=\"elementor-element elementor-element-dccc4fa elementor-widget elementor-widget-heading\" data-id=\"dccc4fa\" data-element_type=\"widget\" data-e-type=\"widget\" data-widget_type=\"heading.default\">\n\t\t\t\t<div class=\"elementor-widget-container\">\n\t\t\t\t\t<h5 class=\"elementor-heading-title elementor-size-default\">\u00bfDe d\u00f3nde proviene la informaci\u00f3n publicada?<\/h5>\t\t\t\t<\/div>\n\t\t\t\t<\/div>\n\t\t\t\t<div class=\"elementor-element elementor-element-73d5a80 elementor-widget elementor-widget-text-editor\" data-id=\"73d5a80\" data-element_type=\"widget\" data-e-type=\"widget\" data-widget_type=\"text-editor.default\">\n\t\t\t\t<div class=\"elementor-widget-container\">\n\t\t\t\t\t\t\t\t\t<p>El sistema se nutre de informaci\u00f3n estad\u00edstica generada por el Instituto de Estad\u00edstica y Censos de la Ciudad Aut\u00f3noma de Buenos Aires (IDECBA), proveniente de registros administrativos del GCBA, de censos de poblaci\u00f3n y de encuestas a hogares.<\/p><ul><li><em>Registros administrativos<\/em>: son todos los registros creados con la finalidad de viabilizar la administraci\u00f3n de los programas de gobierno o para fiscalizar el cumplimento de obligaciones legales de la sociedad.<\/li><li><em>Censos de poblaci\u00f3n y de vivienda<\/em>: se realizan son la fuente m\u00e1s importante y amplia de informaci\u00f3n estad\u00edstica y se realizan, habitualmente, cada 10 a\u00f1os. Su objetivo es cuantificar y caracterizar la poblaci\u00f3n del en un momento determinado e informar sobre su distribuci\u00f3n espacial.<\/li><li><em>Encuestas a hogares<\/em>: re\u00fanen informaci\u00f3n de una muestra probabil\u00edstica de personas u hogares que han sido seleccionados para que representen a una poblaci\u00f3n o subpoblaci\u00f3n mayor. Se realizan para lograr informaci\u00f3n sobre objetivos especiales y pueden ser continuas o eventuales (de acuerdo con la necesidad de cada encuesta). La Encuesta Anual de Hogares (EAH), que realiza la DGESYC desde el a\u00f1o 2002, permite conocer y analizar la situaci\u00f3n\u00a0 socioecon\u00f3mica y demogr\u00e1fica de la poblaci\u00f3n y de los hogares de la Ciudad y sus resultados permiten una representatividad del total de la Ciudad y de cada una de sus comunas.<\/li><\/ul><p>Asimismo se utilizan proyecciones de poblaci\u00f3n elaboradas por el Instituto Nacional de Estad\u00edstica y Censos (INDEC) junto con la DGESYC.<\/p>\t\t\t\t\t\t\t\t<\/div>\n\t\t\t\t<\/div>\n\t\t\t\t<div class=\"elementor-element elementor-element-fdaa563 elementor-widget elementor-widget-heading\" data-id=\"fdaa563\" data-element_type=\"widget\" data-e-type=\"widget\" data-widget_type=\"heading.default\">\n\t\t\t\t<div class=\"elementor-widget-container\">\n\t\t\t\t\t<h5 class=\"elementor-heading-title elementor-size-default\">\u00bfCon qu\u00e9 periodicidad se actualizan los datos?<\/h5>\t\t\t\t<\/div>\n\t\t\t\t<\/div>\n\t\t\t\t<div class=\"elementor-element elementor-element-c97ffa8 elementor-widget elementor-widget-text-editor\" data-id=\"c97ffa8\" data-element_type=\"widget\" data-e-type=\"widget\" data-widget_type=\"text-editor.default\">\n\t\t\t\t<div class=\"elementor-widget-container\">\n\t\t\t\t\t\t\t\t\t<p>Los datos son actualizados anualmente.<\/p>\t\t\t\t\t\t\t\t<\/div>\n\t\t\t\t<\/div>\n\t\t\t\t<div class=\"elementor-element elementor-element-13056c4 elementor-widget elementor-widget-heading\" data-id=\"13056c4\" data-element_type=\"widget\" data-e-type=\"widget\" data-widget_type=\"heading.default\">\n\t\t\t\t<div class=\"elementor-widget-container\">\n\t\t\t\t\t<h5 class=\"elementor-heading-title elementor-size-default\">\u00bfC\u00f3mo contribuye el Sistema de Indicadores Demogr\u00e1fico a la Agenda 2030 de Desarrollo Sostenible?<\/h5>\t\t\t\t<\/div>\n\t\t\t\t<\/div>\n\t\t\t\t<div class=\"elementor-element elementor-element-6fd3716 elementor-widget elementor-widget-text-editor\" data-id=\"6fd3716\" data-element_type=\"widget\" data-e-type=\"widget\" data-widget_type=\"text-editor.default\">\n\t\t\t\t<div class=\"elementor-widget-container\">\n\t\t\t\t\t\t\t\t\t<p>El sistema contribuye con el Objetivo de Desarrollo Sostenible 1 \u201cPoner fin a la pobreza en todas sus formas\u201d, 2 \u201cPoner fin al hambre, lograr la seguridad alimentaria y la mejora de la nutrici\u00f3n y promover la agricultura sostenible\u201d, 3 \u201cGarantizar una vida sana y promover el bienestar para todos en todas las edades\u201d, 4 \u201cGarantizar una educaci\u00f3n inclusiva, equitativa y de calidad y promover oportunidades de aprendizaje durante toda la vida para todos\u201d, el 5: \u201cIgualdad de g\u00e9nero\u201d y 6 \u201cGarantizar la disponibilidad de agua y su gesti\u00f3n sostenible y el saneamiento para todos\u201d y permite monitorear la Agenda 2030 a partir de la informaci\u00f3n disponibilizada para la poblaci\u00f3n de 0 a 17 a\u00f1os.<\/p>\t\t\t\t\t\t\t\t<\/div>\n\t\t\t\t<\/div>\n\t\t\t\t\t<\/div>\n\t\t<\/div>\n\t\t\t\t\t<\/div>\n\t\t<\/section>\n\t\t\t\t<section class=\"elementor-section elementor-inner-section elementor-element elementor-element-581a484 elementor-section-full_width btn-portales elementor-section-height-default elementor-section-height-default\" data-id=\"581a484\" data-element_type=\"section\" data-e-type=\"section\">\n\t\t\t\t\t\t<div class=\"elementor-container elementor-column-gap-default\">\n\t\t\t\t\t<div class=\"elementor-column elementor-col-100 elementor-inner-column elementor-element elementor-element-17997e4\" data-id=\"17997e4\" data-element_type=\"column\" data-e-type=\"column\">\n\t\t\t<div class=\"elementor-widget-wrap elementor-element-populated\">\n\t\t\t\t\t\t<div class=\"elementor-element elementor-element-21417ad elementor-widget__width-auto elementor-widget-tablet_extra__width-auto elementor-widget elementor-widget-image\" data-id=\"21417ad\" data-element_type=\"widget\" data-e-type=\"widget\" data-widget_type=\"image.default\">\n\t\t\t\t<div class=\"elementor-widget-container\">\n\t\t\t\t\t\t\t\t\t\t\t\t\t\t\t<img fetchpriority=\"high\" decoding=\"async\" width=\"612\" height=\"116\" src=\"https:\/\/www.estadisticaciudad.gob.ar\/eyc\/wp-content\/uploads\/2018\/02\/botones-06.png\" class=\"attachment-full size-full wp-image-77462\" alt=\"\" srcset=\"https:\/\/www.estadisticaciudad.gob.ar\/eyc\/wp-content\/uploads\/2018\/02\/botones-06.png 612w, https:\/\/www.estadisticaciudad.gob.ar\/eyc\/wp-content\/uploads\/2018\/02\/botones-06-150x28.png 150w\" sizes=\"(max-width: 612px) 100vw, 612px\" \/>\t\t\t\t\t\t\t\t\t\t\t\t\t\t\t<\/div>\n\t\t\t\t<\/div>\n\t\t\t\t\t<\/div>\n\t\t<\/div>\n\t\t\t\t\t<\/div>\n\t\t<\/section>\n\t\t\t\t<section class=\"elementor-section elementor-inner-section elementor-element elementor-element-88d3797 elementor-section-full_width btn-portales elementor-section-height-default elementor-section-height-default\" data-id=\"88d3797\" data-element_type=\"section\" data-e-type=\"section\">\n\t\t\t\t\t\t<div class=\"elementor-container elementor-column-gap-default\">\n\t\t\t\t\t<div class=\"elementor-column elementor-col-100 elementor-inner-column elementor-element elementor-element-0066275\" data-id=\"0066275\" data-element_type=\"column\" data-e-type=\"column\">\n\t\t\t<div class=\"elementor-widget-wrap elementor-element-populated\">\n\t\t\t\t\t\t<div class=\"elementor-element elementor-element-2469555 elementor-align-justify elementor-widget__width-initial elementor-widget-mobile__width-inherit elementor-widget elementor-widget-button\" data-id=\"2469555\" data-element_type=\"widget\" data-e-type=\"widget\" data-widget_type=\"button.default\">\n\t\t\t\t<div class=\"elementor-widget-container\">\n\t\t\t\t\t\t\t\t\t<div class=\"elementor-button-wrapper\">\n\t\t\t\t\t<a class=\"elementor-button elementor-button-link elementor-size-sm\" href=\"https:\/\/www.estadisticaciudad.gob.ar\/si\/dnnya\/principal\" target=\"_blank\">\n\t\t\t\t\t\t<span class=\"elementor-button-content-wrapper\">\n\t\t\t\t\t\t\t\t\t<span class=\"elementor-button-text\">Ver los datos<\/span>\n\t\t\t\t\t<\/span>\n\t\t\t\t\t<\/a>\n\t\t\t\t<\/div>\n\t\t\t\t\t\t\t\t<\/div>\n\t\t\t\t<\/div>\n\t\t\t\t<div class=\"elementor-element elementor-element-767734a elementor-align-justify elementor-widget__width-initial elementor-widget-mobile__width-inherit elementor-widget elementor-widget-button\" data-id=\"767734a\" data-element_type=\"widget\" data-e-type=\"widget\" data-widget_type=\"button.default\">\n\t\t\t\t<div class=\"elementor-widget-container\">\n\t\t\t\t\t\t\t\t\t<div class=\"elementor-button-wrapper\">\n\t\t\t\t\t<a class=\"elementor-button elementor-button-link elementor-size-sm\" href=\"https:\/\/www.estadisticaciudad.gob.ar\/eyc\/sistema-de-indicadores-dnna\/\">\n\t\t\t\t\t\t<span class=\"elementor-button-content-wrapper\">\n\t\t\t\t\t\t\t\t\t<span class=\"elementor-button-text\">Volver<\/span>\n\t\t\t\t\t<\/span>\n\t\t\t\t\t<\/a>\n\t\t\t\t<\/div>\n\t\t\t\t\t\t\t\t<\/div>\n\t\t\t\t<\/div>\n\t\t\t\t\t<\/div>\n\t\t<\/div>\n\t\t\t\t\t<\/div>\n\t\t<\/section>\n\t\t\t\t\t<\/div>\n\t\t<\/div>\n\t\t\t\t\t<\/div>\n\t\t<\/section>\n\t\t\t\t<\/div>\n\t\t","protected":false},"excerpt":{"rendered":"<p>Sistema de Indicadores de Derechos de Ni\u00f1as, Ni\u00f1os y Adolescentes El Gobierno de la Ciudad de Buenos aires pone a disposici\u00f3n un conjunto de&#46;&#46;&#46;<\/p>\n","protected":false},"author":14,"featured_media":0,"parent":0,"menu_order":0,"comment_status":"open","ping_status":"open","template":"","meta":{"_acf_changed":false,"inline_featured_image":false,"ep_exclude_from_search":false,"footnotes":""},"class_list":["post-102612","page","type-page","status-publish","hentry"],"acf":[],"_links":{"self":[{"href":"https:\/\/www.estadisticaciudad.gob.ar\/eyc\/wp-json\/wp\/v2\/pages\/102612","targetHints":{"allow":["GET"]}}],"collection":[{"href":"https:\/\/www.estadisticaciudad.gob.ar\/eyc\/wp-json\/wp\/v2\/pages"}],"about":[{"href":"https:\/\/www.estadisticaciudad.gob.ar\/eyc\/wp-json\/wp\/v2\/types\/page"}],"author":[{"embeddable":true,"href":"https:\/\/www.estadisticaciudad.gob.ar\/eyc\/wp-json\/wp\/v2\/users\/14"}],"replies":[{"embeddable":true,"href":"https:\/\/www.estadisticaciudad.gob.ar\/eyc\/wp-json\/wp\/v2\/comments?post=102612"}],"version-history":[{"count":22,"href":"https:\/\/www.estadisticaciudad.gob.ar\/eyc\/wp-json\/wp\/v2\/pages\/102612\/revisions"}],"predecessor-version":[{"id":184962,"href":"https:\/\/www.estadisticaciudad.gob.ar\/eyc\/wp-json\/wp\/v2\/pages\/102612\/revisions\/184962"}],"wp:attachment":[{"href":"https:\/\/www.estadisticaciudad.gob.ar\/eyc\/wp-json\/wp\/v2\/media?parent=102612"}],"curies":[{"name":"wp","href":"https:\/\/api.w.org\/{rel}","templated":true}]}}